{"id":725,"date":"2025-01-08T12:51:53","date_gmt":"2025-01-08T11:51:53","guid":{"rendered":"https:\/\/konferencja2024.awfis.net\/?page_id=725"},"modified":"2025-01-08T13:00:21","modified_gmt":"2025-01-08T12:00:21","slug":"monografia","status":"publish","type":"page","link":"https:\/\/konferencja2024.awfis.net\/?page_id=725","title":{"rendered":"Monografia"},"content":{"rendered":"\n<p><strong>PUBLIKACJA POKONFERENCYJNA<\/strong><\/p>\n\n\n\n<p><strong>AKTYWNO\u015a\u0106 FIZYCZNA, STYL \u017bYCIA I ZDROWIE PRZED I PO PANDEMII COVID-19<\/strong><\/p>\n\n\n\n<p>pod redakcj\u0105 Agnieszki Maciejewskiej-Skrendo<\/p>\n\n\n\n<p>Gda\u0144sk 2024<\/p>\n\n\n\n<p>ISBN 978-83-66894-19-8 e-ISBN 978-83-66894-20-4<\/p>\n\n\n\n<figure class=\"wp-block-image size-large\"><a href=\"https:\/\/konferencja2024.awfis.net\/wp-content\/uploads\/2025\/01\/Aktywnosc-fiz-styl-zycia-przed-i-po-COVID-2024-AWFiS.pdf\"><img loading=\"lazy\" decoding=\"async\" width=\"709\" height=\"1024\" src=\"https:\/\/konferencja2024.awfis.net\/wp-content\/uploads\/2025\/01\/Aktywnosc-fiz-styl-zycia-przed-i-po-COVID-2024-AWFiS-front-709x1024.jpg\" alt=\"\" class=\"wp-image-729\" srcset=\"https:\/\/konferencja2024.awfis.net\/wp-content\/uploads\/2025\/01\/Aktywnosc-fiz-styl-zycia-przed-i-po-COVID-2024-AWFiS-front-709x1024.jpg 709w, https:\/\/konferencja2024.awfis.net\/wp-content\/uploads\/2025\/01\/Aktywnosc-fiz-styl-zycia-przed-i-po-COVID-2024-AWFiS-front-208x300.jpg 208w, https:\/\/konferencja2024.awfis.net\/wp-content\/uploads\/2025\/01\/Aktywnosc-fiz-styl-zycia-przed-i-po-COVID-2024-AWFiS-front-768x1109.jpg 768w, https:\/\/konferencja2024.awfis.net\/wp-content\/uploads\/2025\/01\/Aktywnosc-fiz-styl-zycia-przed-i-po-COVID-2024-AWFiS-front-1064x1536.jpg 1064w, https:\/\/konferencja2024.awfis.net\/wp-content\/uploads\/2025\/01\/Aktywnosc-fiz-styl-zycia-przed-i-po-COVID-2024-AWFiS-front-1419x2048.jpg 1419w, https:\/\/konferencja2024.awfis.net\/wp-content\/uploads\/2025\/01\/Aktywnosc-fiz-styl-zycia-przed-i-po-COVID-2024-AWFiS-front-scaled.jpg 1773w\" sizes=\"auto, (max-width: 709px) 100vw, 709px\" \/><\/a><\/figure>\n\n\n\n<p><\/p>\n","protected":false},"excerpt":{"rendered":"<p>PUBLIKACJA POKONFERENCYJNA AKTYWNO\u015a\u0106 FIZYCZNA, STYL \u017bYCIA I ZDROWIE PRZED I PO PANDEMII COVID-19 pod redakcj\u0105 Agnieszki Maciejewskiej-Skrendo Gda\u0144sk 2024 ISBN 978-83-66894-19-8 e-ISBN 978-83-66894-20-4<\/p>\n","protected":false},"author":1,"featured_media":0,"parent":0,"menu_order":0,"comment_status":"closed","ping_status":"closed","template":"","meta":{"neve_meta_sidebar":"","neve_meta_container":"","neve_meta_enable_content_width":"","neve_meta_content_width":0,"neve_meta_title_alignment":"","neve_meta_author_avatar":"","neve_post_elements_order":"","neve_meta_disable_header":"","neve_meta_disable_footer":"","neve_meta_disable_title":"","footnotes":""},"class_list":["post-725","page","type-page","status-publish","hentry"],"yoast_head":"<!-- This site is optimized with the Yoast SEO plugin v26.4 - https:\/\/yoast.com\/wordpress\/plugins\/seo\/ -->\n<title>Monografia - Konferencja AWFiS<\/title>\n<meta name=\"robots\" content=\"index, follow, max-snippet:-1, max-image-preview:large, max-video-preview:-1\" \/>\n<link rel=\"canonical\" href=\"https:\/\/konferencja2024.awfis.net\/?page_id=725\" \/>\n<meta property=\"og:locale\" content=\"pl_PL\" \/>\n<meta property=\"og:type\" content=\"article\" \/>\n<meta property=\"og:title\" content=\"Monografia - Konferencja AWFiS\" \/>\n<meta property=\"og:description\" content=\"PUBLIKACJA POKONFERENCYJNA AKTYWNO\u015a\u0106 FIZYCZNA, STYL \u017bYCIA I ZDROWIE PRZED I PO PANDEMII COVID-19 pod redakcj\u0105 Agnieszki Maciejewskiej-Skrendo Gda\u0144sk 2024 ISBN 978-83-66894-19-8 e-ISBN 978-83-66894-20-4\" \/>\n<meta property=\"og:url\" content=\"https:\/\/konferencja2024.awfis.net\/?page_id=725\" \/>\n<meta property=\"og:site_name\" content=\"Konferencja AWFiS\" \/>\n<meta property=\"article:modified_time\" content=\"2025-01-08T12:00:21+00:00\" \/>\n<meta property=\"og:image\" content=\"https:\/\/konferencja2024.awfis.net\/wp-content\/uploads\/2025\/01\/Aktywnosc-fiz-styl-zycia-przed-i-po-COVID-2024-AWFiS-front-709x1024.jpg\" \/>\n<meta name=\"twitter:card\" content=\"summary_large_image\" \/>\n<meta name=\"twitter:label1\" content=\"Szacowany czas czytania\" \/>\n\t<meta name=\"twitter:data1\" content=\"1 minuta\" \/>\n<script type=\"application\/ld+json\" class=\"yoast-schema-graph\">{\"@context\":\"https:\/\/schema.org\",\"@graph\":[{\"@type\":\"WebPage\",\"@id\":\"https:\/\/konferencja2024.awfis.net\/?page_id=725\",\"url\":\"https:\/\/konferencja2024.awfis.net\/?page_id=725\",\"name\":\"Monografia - Konferencja AWFiS\",\"isPartOf\":{\"@id\":\"https:\/\/konferencja2024.awfis.net\/#website\"},\"primaryImageOfPage\":{\"@id\":\"https:\/\/konferencja2024.awfis.net\/?page_id=725#primaryimage\"},\"image\":{\"@id\":\"https:\/\/konferencja2024.awfis.net\/?page_id=725#primaryimage\"},\"thumbnailUrl\":\"https:\/\/konferencja2024.awfis.net\/wp-content\/uploads\/2025\/01\/Aktywnosc-fiz-styl-zycia-przed-i-po-COVID-2024-AWFiS-front-709x1024.jpg\",\"datePublished\":\"2025-01-08T11:51:53+00:00\",\"dateModified\":\"2025-01-08T12:00:21+00:00\",\"breadcrumb\":{\"@id\":\"https:\/\/konferencja2024.awfis.net\/?page_id=725#breadcrumb\"},\"inLanguage\":\"pl-PL\",\"potentialAction\":[{\"@type\":\"ReadAction\",\"target\":[\"https:\/\/konferencja2024.awfis.net\/?page_id=725\"]}]},{\"@type\":\"ImageObject\",\"inLanguage\":\"pl-PL\",\"@id\":\"https:\/\/konferencja2024.awfis.net\/?page_id=725#primaryimage\",\"url\":\"https:\/\/konferencja2024.awfis.net\/wp-content\/uploads\/2025\/01\/Aktywnosc-fiz-styl-zycia-przed-i-po-COVID-2024-AWFiS-front-scaled.jpg\",\"contentUrl\":\"https:\/\/konferencja2024.awfis.net\/wp-content\/uploads\/2025\/01\/Aktywnosc-fiz-styl-zycia-przed-i-po-COVID-2024-AWFiS-front-scaled.jpg\",\"width\":1773,\"height\":2560},{\"@type\":\"BreadcrumbList\",\"@id\":\"https:\/\/konferencja2024.awfis.net\/?page_id=725#breadcrumb\",\"itemListElement\":[{\"@type\":\"ListItem\",\"position\":1,\"name\":\"Home\",\"item\":\"https:\/\/konferencja2024.awfis.net\/\"},{\"@type\":\"ListItem\",\"position\":2,\"name\":\"Monografia\"}]},{\"@type\":\"WebSite\",\"@id\":\"https:\/\/konferencja2024.awfis.net\/#website\",\"url\":\"https:\/\/konferencja2024.awfis.net\/\",\"name\":\"Konferencja AWFiS\",\"description\":\"\",\"publisher\":{\"@id\":\"https:\/\/konferencja2024.awfis.net\/#organization\"},\"potentialAction\":[{\"@type\":\"SearchAction\",\"target\":{\"@type\":\"EntryPoint\",\"urlTemplate\":\"https:\/\/konferencja2024.awfis.net\/?s={search_term_string}\"},\"query-input\":{\"@type\":\"PropertyValueSpecification\",\"valueRequired\":true,\"valueName\":\"search_term_string\"}}],\"inLanguage\":\"pl-PL\"},{\"@type\":\"Organization\",\"@id\":\"https:\/\/konferencja2024.awfis.net\/#organization\",\"name\":\"Konferencja AWFiS\",\"url\":\"https:\/\/konferencja2024.awfis.net\/\",\"logo\":{\"@type\":\"ImageObject\",\"inLanguage\":\"pl-PL\",\"@id\":\"https:\/\/konferencja2024.awfis.net\/#\/schema\/logo\/image\/\",\"url\":\"\",\"contentUrl\":\"\",\"caption\":\"Konferencja AWFiS\"},\"image\":{\"@id\":\"https:\/\/konferencja2024.awfis.net\/#\/schema\/logo\/image\/\"}}]}<\/script>\n<!-- \/ Yoast SEO plugin. -->","yoast_head_json":{"title":"Monografia - Konferencja AWFiS","robots":{"index":"index","follow":"follow","max-snippet":"max-snippet:-1","max-image-preview":"max-image-preview:large","max-video-preview":"max-video-preview:-1"},"canonical":"https:\/\/konferencja2024.awfis.net\/?page_id=725","og_locale":"pl_PL","og_type":"article","og_title":"Monografia - Konferencja AWFiS","og_description":"PUBLIKACJA POKONFERENCYJNA AKTYWNO\u015a\u0106 FIZYCZNA, STYL \u017bYCIA I ZDROWIE PRZED I PO PANDEMII COVID-19 pod redakcj\u0105 Agnieszki Maciejewskiej-Skrendo Gda\u0144sk 2024 ISBN 978-83-66894-19-8 e-ISBN 978-83-66894-20-4","og_url":"https:\/\/konferencja2024.awfis.net\/?page_id=725","og_site_name":"Konferencja AWFiS","article_modified_time":"2025-01-08T12:00:21+00:00","og_image":[{"url":"https:\/\/konferencja2024.awfis.net\/wp-content\/uploads\/2025\/01\/Aktywnosc-fiz-styl-zycia-przed-i-po-COVID-2024-AWFiS-front-709x1024.jpg","type":"","width":"","height":""}],"twitter_card":"summary_large_image","twitter_misc":{"Szacowany czas czytania":"1 minuta"},"schema":{"@context":"https:\/\/schema.org","@graph":[{"@type":"WebPage","@id":"https:\/\/konferencja2024.awfis.net\/?page_id=725","url":"https:\/\/konferencja2024.awfis.net\/?page_id=725","name":"Monografia - Konferencja AWFiS","isPartOf":{"@id":"https:\/\/konferencja2024.awfis.net\/#website"},"primaryImageOfPage":{"@id":"https:\/\/konferencja2024.awfis.net\/?page_id=725#primaryimage"},"image":{"@id":"https:\/\/konferencja2024.awfis.net\/?page_id=725#primaryimage"},"thumbnailUrl":"https:\/\/konferencja2024.awfis.net\/wp-content\/uploads\/2025\/01\/Aktywnosc-fiz-styl-zycia-przed-i-po-COVID-2024-AWFiS-front-709x1024.jpg","datePublished":"2025-01-08T11:51:53+00:00","dateModified":"2025-01-08T12:00:21+00:00","breadcrumb":{"@id":"https:\/\/konferencja2024.awfis.net\/?page_id=725#breadcrumb"},"inLanguage":"pl-PL","potentialAction":[{"@type":"ReadAction","target":["https:\/\/konferencja2024.awfis.net\/?page_id=725"]}]},{"@type":"ImageObject","inLanguage":"pl-PL","@id":"https:\/\/konferencja2024.awfis.net\/?page_id=725#primaryimage","url":"https:\/\/konferencja2024.awfis.net\/wp-content\/uploads\/2025\/01\/Aktywnosc-fiz-styl-zycia-przed-i-po-COVID-2024-AWFiS-front-scaled.jpg","contentUrl":"https:\/\/konferencja2024.awfis.net\/wp-content\/uploads\/2025\/01\/Aktywnosc-fiz-styl-zycia-przed-i-po-COVID-2024-AWFiS-front-scaled.jpg","width":1773,"height":2560},{"@type":"BreadcrumbList","@id":"https:\/\/konferencja2024.awfis.net\/?page_id=725#breadcrumb","itemListElement":[{"@type":"ListItem","position":1,"name":"Home","item":"https:\/\/konferencja2024.awfis.net\/"},{"@type":"ListItem","position":2,"name":"Monografia"}]},{"@type":"WebSite","@id":"https:\/\/konferencja2024.awfis.net\/#website","url":"https:\/\/konferencja2024.awfis.net\/","name":"Konferencja AWFiS","description":"","publisher":{"@id":"https:\/\/konferencja2024.awfis.net\/#organization"},"potentialAction":[{"@type":"SearchAction","target":{"@type":"EntryPoint","urlTemplate":"https:\/\/konferencja2024.awfis.net\/?s={search_term_string}"},"query-input":{"@type":"PropertyValueSpecification","valueRequired":true,"valueName":"search_term_string"}}],"inLanguage":"pl-PL"},{"@type":"Organization","@id":"https:\/\/konferencja2024.awfis.net\/#organization","name":"Konferencja AWFiS","url":"https:\/\/konferencja2024.awfis.net\/","logo":{"@type":"ImageObject","inLanguage":"pl-PL","@id":"https:\/\/konferencja2024.awfis.net\/#\/schema\/logo\/image\/","url":"","contentUrl":"","caption":"Konferencja AWFiS"},"image":{"@id":"https:\/\/konferencja2024.awfis.net\/#\/schema\/logo\/image\/"}}]}},"_links":{"self":[{"href":"https:\/\/konferencja2024.awfis.net\/index.php?rest_route=\/wp\/v2\/pages\/725","targetHints":{"allow":["GET"]}}],"collection":[{"href":"https:\/\/konferencja2024.awfis.net\/index.php?rest_route=\/wp\/v2\/pages"}],"about":[{"href":"https:\/\/konferencja2024.awfis.net\/index.php?rest_route=\/wp\/v2\/types\/page"}],"author":[{"embeddable":true,"href":"https:\/\/konferencja2024.awfis.net\/index.php?rest_route=\/wp\/v2\/users\/1"}],"replies":[{"embeddable":true,"href":"https:\/\/konferencja2024.awfis.net\/index.php?rest_route=%2Fwp%2Fv2%2Fcomments&post=725"}],"version-history":[{"count":6,"href":"https:\/\/konferencja2024.awfis.net\/index.php?rest_route=\/wp\/v2\/pages\/725\/revisions"}],"predecessor-version":[{"id":735,"href":"https:\/\/konferencja2024.awfis.net\/index.php?rest_route=\/wp\/v2\/pages\/725\/revisions\/735"}],"wp:attachment":[{"href":"https:\/\/konferencja2024.awfis.net\/index.php?rest_route=%2Fwp%2Fv2%2Fmedia&parent=725"}],"curies":[{"name":"wp","href":"https:\/\/api.w.org\/{rel}","templated":true}]}}