{"id":326,"date":"2023-12-08T09:43:38","date_gmt":"2023-12-08T08:43:38","guid":{"rendered":"https:\/\/konferencja2024.awfis.net\/?page_id=326"},"modified":"2024-04-08T13:44:44","modified_gmt":"2024-04-08T11:44:44","slug":"wazne-informacje","status":"publish","type":"page","link":"https:\/\/konferencja2024.awfis.net\/?page_id=326","title":{"rendered":"Wa\u017cne informacje"},"content":{"rendered":"\n<p class=\"has-text-align-center has-text-color has-link-color wp-elements-db0e9b14647953abadcb77edb8483466\" style=\"color:#404290\"><\/p>\n\n\n\n<div class=\"wp-block-columns is-layout-flex wp-container-core-columns-is-layout-9d6595d7 wp-block-columns-is-layout-flex\">\n<div class=\"wp-block-column is-layout-flow wp-block-column-is-layout-flow\" style=\"flex-basis:66.67%\">\n<div class=\"wp-block-group\"><div class=\"wp-block-group__inner-container is-layout-constrained wp-block-group-is-layout-constrained\">\n<div class=\"wp-block-columns is-layout-flex wp-container-core-columns-is-layout-9d6595d7 wp-block-columns-is-layout-flex\">\n<div class=\"wp-block-column is-layout-flow wp-block-column-is-layout-flow\" style=\"flex-basis:80%\">\n<p><strong>Wa\u017cne informacje-streszczenie:<\/strong><\/p>\n\n\n\n<p>Zapraszamy do zg\u0142aszania streszcze\u0144 doniesie\u0144 naukowych, kt\u00f3re b\u0119d\u0105 prezentowane w formie plakat\u00f3w podczas&nbsp;konferencji naukowo-metodycznej.<\/p>\n\n\n\n<p>\u00b7 Streszczenia dla Modu\u0142u dla Naukowc\u00f3w (sesja posterowa) powinny zawiera\u0107 od 1500 do 2000 znak\u00f3w, w j\u0119zyku polskim, i mie\u0107 wydzielone sekcje: Wst\u0119p, Metody, Wyniki, Dyskusja<\/p>\n\n\n\n<p>\u00b7 Streszczenie nie mo\u017ce zawiera\u0107 tabel, wykres\u00f3w, rysunk\u00f3w, fotografii ani referencji.<\/p>\n\n\n\n<p>\u00b7 Streszczenie powinno by\u0107 sformu\u0142owane w formie bezosobowej oraz w aspekcie dokonanym.<\/p>\n\n\n\n<p>\u00b7 W streszczeniu nale\u017cy umie\u015bci\u0107 imiona i nazwiska autor\u00f3w wraz z afiliacj\u0105.<\/p>\n\n\n\n<p><\/p>\n\n\n\n<p class=\"has-text-align-center has-text-color has-link-color wp-elements-564a7a78f5257acefcf71d89f9f51a89\" style=\"color:#404290\"><a href=\"https:\/\/konferencja2024.awfis.net\/wp-content\/uploads\/2024\/01\/WSKAZOWKI-DLA-AUTOROW-ROZDZIALOW-MONOGRAFII-WIELOAUTORSKIEJ-POD-REDAKCJA.pdf\"><strong>WSKAZ\u00d3WKI DLA AUTOR\u00d3W ROZDZIA\u0141\u00d3W<\/strong> <strong>MONOGRAFII WIELOAUTORSKIEJ POD REDAKCJ\u0104<\/strong><\/a><\/p>\n\n\n\n<p><strong>Wa\u017cne informacje-monografia pokonferencyjna<\/strong><\/p>\n\n\n\n<p>\u00b7 Kopie pe\u0142notekstowe wybranych wyst\u0105pie\u0144 i poster\u00f3w zostan\u0105 opublikowane w formie monografii pokonferencyjnej po uzyskaniu pozytywnej opinii Komitetu Naukowego i spe\u0142nieniu wymog\u00f3w edytorskich. O decyzji Komitetu Naukowego wraz z wytycznymi, uczestnik zostanie poinformowany mailowo.<\/p>\n<\/div>\n<\/div>\n<\/div><\/div>\n<\/div>\n\n\n\n<div class=\"wp-block-column is-layout-flow wp-block-column-is-layout-flow\" style=\"flex-basis:60%\">\n<p><strong>Wa\u017cne informacje-poster:<\/strong><\/p>\n\n\n\n<p>Wymagania formalne dotycz\u0105ce zaakceptowanych na podstawie streszcze\u0144 plakat\u00f3w do prezentacji:&nbsp;<\/p>\n\n\n\n<p><strong><u>Plakat powinien posiada\u0107:<\/u><\/strong><\/p>\n\n\n\n<ul class=\"wp-block-list\">\n<li>format A1 lub A-0 (MIN.59,4 cm x 84,1 cm) \u2013 pionowo&nbsp;<\/li>\n\n\n\n<li>w lewym g\u00f3rnym rogu powinien mie\u0107 logo AWFiS&nbsp;&nbsp;<\/li>\n\n\n\n<li><strong>tytu\u0142u pracy<\/strong>&nbsp;sugeruje&nbsp;si\u0119 czcionk\u0119 bezszyfrow\u0105 o wielko\u015bci od 90 do 140 pkt., dla nag\u0142\u00f3wk\u00f3w: od 36 do 84, dla tekstu: od 18 do 26.&nbsp;&nbsp;<\/li>\n\n\n\n<li><strong>informacje o autorze\/autorach<\/strong>&nbsp;(tytu\u0142 naukowy, imi\u0119, nazwisko, afiliacja, e-mail)&nbsp;<\/li>\n\n\n\n<li><strong>cel pracy<\/strong><\/li>\n\n\n\n<li><strong>kr\u00f3tkie wprowadzenie do tematu pracy<\/strong><\/li>\n\n\n\n<li><strong>metody bada\u0144<\/strong><\/li>\n\n\n\n<li><strong>wyniki bada\u0144<\/strong><\/li>\n\n\n\n<li><strong>wnioski z bada\u0144<\/strong><\/li>\n\n\n\n<li><strong>pi\u015bmiennictwo<\/strong><\/li>\n<\/ul>\n\n\n\n<p>Pe\u0142notekstowe wersje wybranych prezentacji i plakat\u00f3w zostan\u0105 wydane w formie monografii pokonferencyjnej, po otrzymaniu pozytywnej opinii od Komitetu Naukowego oraz spe\u0142nieniu wymog\u00f3w edytorskich. Autorzy b\u0119d\u0105 informowani drog\u0105 mailow\u0105 o decyzji Komitetu Naukowego i b\u0119d\u0105 proszeni o z\u0142o\u017cenie o\u015bwiadczenia autorskiego oraz zgody<\/p>\n\n\n\n<p class=\"has-text-align-center has-text-color has-link-color wp-elements-db0e9b14647953abadcb77edb8483466\" style=\"color:#404290\"><\/p>\n<\/div>\n<\/div>\n\n\n\n<div class=\"wp-block-cover alignfull\" style=\"min-height:300px;aspect-ratio:unset;\"><span aria-hidden=\"true\" class=\"wp-block-cover__background has-nv-dark-bg-background-color has-background-dim-100 has-background-dim\"><\/span><div class=\"wp-block-cover__inner-container is-layout-flow wp-block-cover-is-layout-flow\">\n<div style=\"height:31px\" aria-hidden=\"true\" class=\"wp-block-spacer\"><\/div>\n\n\n\n<h2 class=\"wp-block-heading has-text-align-center has-nv-text-dark-bg-color has-text-color\" style=\"font-size:22px\">ORGANIZATORZY I PARTNERZY KONFERENCJI<\/h2>\n\n\n\n<div class=\"wp-block-group is-content-justification-center is-nowrap is-layout-flex wp-container-core-group-is-layout-94bc23d7 wp-block-group-is-layout-flex\" style=\"border-radius:0px;font-size:82px\"><div class=\"wp-block-image\">\n<figure class=\"aligncenter size-full is-resized\"><img loading=\"lazy\" decoding=\"async\" width=\"150\" height=\"228\" src=\"https:\/\/server173546.nazwa.pl\/wordpress\/wpn_Konferencja\/wp-content\/uploads\/2023\/10\/malelogobiale.png\" alt=\"\" class=\"wp-image-100\" style=\"aspect-ratio:0.6551724137931034;width:73px\"\/><\/figure>\n<\/div>\n\n\n<div style=\"height:100px;width:42px\" aria-hidden=\"true\" class=\"wp-block-spacer wp-container-content-83393143\"><\/div>\n\n\n\n<figure class=\"wp-block-image size-full is-resized\"><img loading=\"lazy\" decoding=\"async\" width=\"1388\" height=\"433\" src=\"https:\/\/konferencja2024.awfis.net\/wp-content\/uploads\/2024\/04\/04_znak_-siatka_podstawowy_mono_ciemne_tlo-1.png\" alt=\"\" class=\"wp-image-707\" style=\"width:302px;height:auto\" srcset=\"https:\/\/konferencja2024.awfis.net\/wp-content\/uploads\/2024\/04\/04_znak_-siatka_podstawowy_mono_ciemne_tlo-1.png 1388w, https:\/\/konferencja2024.awfis.net\/wp-content\/uploads\/2024\/04\/04_znak_-siatka_podstawowy_mono_ciemne_tlo-1-300x94.png 300w, https:\/\/konferencja2024.awfis.net\/wp-content\/uploads\/2024\/04\/04_znak_-siatka_podstawowy_mono_ciemne_tlo-1-1024x319.png 1024w, https:\/\/konferencja2024.awfis.net\/wp-content\/uploads\/2024\/04\/04_znak_-siatka_podstawowy_mono_ciemne_tlo-1-768x240.png 768w\" sizes=\"auto, (max-width: 1388px) 100vw, 1388px\" \/><\/figure>\n\n\n\n<figure class=\"wp-block-image size-full is-resized\"><img loading=\"lazy\" decoding=\"async\" width=\"1000\" height=\"563\" src=\"https:\/\/konferencja2024.awfis.net\/wp-content\/uploads\/2024\/04\/mein_doskonala_nauka_on_white-1.png\" alt=\"\" class=\"wp-image-687\" style=\"width:290px;height:auto\" srcset=\"https:\/\/konferencja2024.awfis.net\/wp-content\/uploads\/2024\/04\/mein_doskonala_nauka_on_white-1.png 1000w, https:\/\/konferencja2024.awfis.net\/wp-content\/uploads\/2024\/04\/mein_doskonala_nauka_on_white-1-300x169.png 300w, https:\/\/konferencja2024.awfis.net\/wp-content\/uploads\/2024\/04\/mein_doskonala_nauka_on_white-1-768x432.png 768w\" sizes=\"auto, (max-width: 1000px) 100vw, 1000px\" \/><\/figure>\n<\/div>\n\n\n\n<div style=\"height:26px\" aria-hidden=\"true\" class=\"wp-block-spacer\"><\/div>\n<\/div><\/div>\n","protected":false},"excerpt":{"rendered":"<p>Wa\u017cne informacje-streszczenie: Zapraszamy do zg\u0142aszania streszcze\u0144 doniesie\u0144 naukowych, kt\u00f3re b\u0119d\u0105 prezentowane w formie plakat\u00f3w podczas&nbsp;konferencji naukowo-metodycznej. \u00b7 Streszczenia dla Modu\u0142u dla Naukowc\u00f3w (sesja posterowa) powinny zawiera\u0107 od 1500 do 2000 znak\u00f3w, w j\u0119zyku polskim, i mie\u0107 wydzielone sekcje: Wst\u0119p, Metody, Wyniki, Dyskusja \u00b7 Streszczenie nie mo\u017ce zawiera\u0107 tabel, wykres\u00f3w, rysunk\u00f3w, fotografii ani referencji. \u00b7 Streszczenie&hellip;&nbsp;<a href=\"https:\/\/konferencja2024.awfis.net\/?page_id=326\" rel=\"bookmark\">Dowiedz si\u0119 wi\u0119cej &raquo;<span class=\"screen-reader-text\">Wa\u017cne informacje<\/span><\/a><\/p>\n","protected":false},"author":1,"featured_media":0,"parent":0,"menu_order":0,"comment_status":"closed","ping_status":"closed","template":"","meta":{"neve_meta_sidebar":"","neve_meta_container":"","neve_meta_enable_content_width":"","neve_meta_content_width":0,"neve_meta_title_alignment":"","neve_meta_author_avatar":"","neve_post_elements_order":"","neve_meta_disable_header":"","neve_meta_disable_footer":"","neve_meta_disable_title":"","footnotes":""},"class_list":["post-326","page","type-page","status-publish","hentry"],"yoast_head":"<!-- This site is optimized with the Yoast SEO plugin v26.4 - https:\/\/yoast.com\/wordpress\/plugins\/seo\/ -->\n<title>Wa\u017cne informacje - Konferencja AWFiS<\/title>\n<meta name=\"robots\" content=\"index, follow, max-snippet:-1, max-image-preview:large, max-video-preview:-1\" \/>\n<link rel=\"canonical\" href=\"https:\/\/konferencja2024.awfis.net\/?page_id=326\" \/>\n<meta property=\"og:locale\" content=\"pl_PL\" \/>\n<meta property=\"og:type\" content=\"article\" \/>\n<meta property=\"og:title\" content=\"Wa\u017cne informacje - Konferencja AWFiS\" \/>\n<meta property=\"og:description\" content=\"Wa\u017cne informacje-streszczenie: Zapraszamy do zg\u0142aszania streszcze\u0144 doniesie\u0144 naukowych, kt\u00f3re b\u0119d\u0105 prezentowane w formie plakat\u00f3w podczas&nbsp;konferencji naukowo-metodycznej. \u00b7 Streszczenia dla Modu\u0142u dla Naukowc\u00f3w (sesja posterowa) powinny zawiera\u0107 od 1500 do 2000 znak\u00f3w, w j\u0119zyku polskim, i mie\u0107 wydzielone sekcje: Wst\u0119p, Metody, Wyniki, Dyskusja \u00b7 Streszczenie nie mo\u017ce zawiera\u0107 tabel, wykres\u00f3w, rysunk\u00f3w, fotografii ani referencji. \u00b7 Streszczenie&hellip;&nbsp;Dowiedz si\u0119 wi\u0119cej &raquo;Wa\u017cne informacje\" \/>\n<meta property=\"og:url\" content=\"https:\/\/konferencja2024.awfis.net\/?page_id=326\" \/>\n<meta property=\"og:site_name\" content=\"Konferencja AWFiS\" \/>\n<meta property=\"article:modified_time\" content=\"2024-04-08T11:44:44+00:00\" \/>\n<meta property=\"og:image\" content=\"https:\/\/server173546.nazwa.pl\/wordpress\/wpn_Konferencja\/wp-content\/uploads\/2023\/10\/malelogobiale.png\" \/>\n<meta name=\"twitter:card\" content=\"summary_large_image\" \/>\n<meta name=\"twitter:label1\" content=\"Szacowany czas czytania\" \/>\n\t<meta name=\"twitter:data1\" content=\"3 minuty\" \/>\n<script type=\"application\/ld+json\" class=\"yoast-schema-graph\">{\"@context\":\"https:\/\/schema.org\",\"@graph\":[{\"@type\":\"WebPage\",\"@id\":\"https:\/\/konferencja2024.awfis.net\/?page_id=326\",\"url\":\"https:\/\/konferencja2024.awfis.net\/?page_id=326\",\"name\":\"Wa\u017cne informacje - Konferencja AWFiS\",\"isPartOf\":{\"@id\":\"https:\/\/konferencja2024.awfis.net\/#website\"},\"primaryImageOfPage\":{\"@id\":\"https:\/\/konferencja2024.awfis.net\/?page_id=326#primaryimage\"},\"image\":{\"@id\":\"https:\/\/konferencja2024.awfis.net\/?page_id=326#primaryimage\"},\"thumbnailUrl\":\"https:\/\/server173546.nazwa.pl\/wordpress\/wpn_Konferencja\/wp-content\/uploads\/2023\/10\/malelogobiale.png\",\"datePublished\":\"2023-12-08T08:43:38+00:00\",\"dateModified\":\"2024-04-08T11:44:44+00:00\",\"breadcrumb\":{\"@id\":\"https:\/\/konferencja2024.awfis.net\/?page_id=326#breadcrumb\"},\"inLanguage\":\"pl-PL\",\"potentialAction\":[{\"@type\":\"ReadAction\",\"target\":[\"https:\/\/konferencja2024.awfis.net\/?page_id=326\"]}]},{\"@type\":\"ImageObject\",\"inLanguage\":\"pl-PL\",\"@id\":\"https:\/\/konferencja2024.awfis.net\/?page_id=326#primaryimage\",\"url\":\"https:\/\/server173546.nazwa.pl\/wordpress\/wpn_Konferencja\/wp-content\/uploads\/2023\/10\/malelogobiale.png\",\"contentUrl\":\"https:\/\/server173546.nazwa.pl\/wordpress\/wpn_Konferencja\/wp-content\/uploads\/2023\/10\/malelogobiale.png\"},{\"@type\":\"BreadcrumbList\",\"@id\":\"https:\/\/konferencja2024.awfis.net\/?page_id=326#breadcrumb\",\"itemListElement\":[{\"@type\":\"ListItem\",\"position\":1,\"name\":\"Home\",\"item\":\"https:\/\/konferencja2024.awfis.net\/\"},{\"@type\":\"ListItem\",\"position\":2,\"name\":\"Wa\u017cne informacje\"}]},{\"@type\":\"WebSite\",\"@id\":\"https:\/\/konferencja2024.awfis.net\/#website\",\"url\":\"https:\/\/konferencja2024.awfis.net\/\",\"name\":\"Konferencja AWFiS\",\"description\":\"\",\"publisher\":{\"@id\":\"https:\/\/konferencja2024.awfis.net\/#organization\"},\"potentialAction\":[{\"@type\":\"SearchAction\",\"target\":{\"@type\":\"EntryPoint\",\"urlTemplate\":\"https:\/\/konferencja2024.awfis.net\/?s={search_term_string}\"},\"query-input\":{\"@type\":\"PropertyValueSpecification\",\"valueRequired\":true,\"valueName\":\"search_term_string\"}}],\"inLanguage\":\"pl-PL\"},{\"@type\":\"Organization\",\"@id\":\"https:\/\/konferencja2024.awfis.net\/#organization\",\"name\":\"Konferencja AWFiS\",\"url\":\"https:\/\/konferencja2024.awfis.net\/\",\"logo\":{\"@type\":\"ImageObject\",\"inLanguage\":\"pl-PL\",\"@id\":\"https:\/\/konferencja2024.awfis.net\/#\/schema\/logo\/image\/\",\"url\":\"\",\"contentUrl\":\"\",\"caption\":\"Konferencja AWFiS\"},\"image\":{\"@id\":\"https:\/\/konferencja2024.awfis.net\/#\/schema\/logo\/image\/\"}}]}<\/script>\n<!-- \/ Yoast SEO plugin. -->","yoast_head_json":{"title":"Wa\u017cne informacje - Konferencja AWFiS","robots":{"index":"index","follow":"follow","max-snippet":"max-snippet:-1","max-image-preview":"max-image-preview:large","max-video-preview":"max-video-preview:-1"},"canonical":"https:\/\/konferencja2024.awfis.net\/?page_id=326","og_locale":"pl_PL","og_type":"article","og_title":"Wa\u017cne informacje - Konferencja AWFiS","og_description":"Wa\u017cne informacje-streszczenie: Zapraszamy do zg\u0142aszania streszcze\u0144 doniesie\u0144 naukowych, kt\u00f3re b\u0119d\u0105 prezentowane w formie plakat\u00f3w podczas&nbsp;konferencji naukowo-metodycznej. \u00b7 Streszczenia dla Modu\u0142u dla Naukowc\u00f3w (sesja posterowa) powinny zawiera\u0107 od 1500 do 2000 znak\u00f3w, w j\u0119zyku polskim, i mie\u0107 wydzielone sekcje: Wst\u0119p, Metody, Wyniki, Dyskusja \u00b7 Streszczenie nie mo\u017ce zawiera\u0107 tabel, wykres\u00f3w, rysunk\u00f3w, fotografii ani referencji. \u00b7 Streszczenie&hellip;&nbsp;Dowiedz si\u0119 wi\u0119cej &raquo;Wa\u017cne informacje","og_url":"https:\/\/konferencja2024.awfis.net\/?page_id=326","og_site_name":"Konferencja AWFiS","article_modified_time":"2024-04-08T11:44:44+00:00","og_image":[{"url":"https:\/\/server173546.nazwa.pl\/wordpress\/wpn_Konferencja\/wp-content\/uploads\/2023\/10\/malelogobiale.png","type":"","width":"","height":""}],"twitter_card":"summary_large_image","twitter_misc":{"Szacowany czas czytania":"3 minuty"},"schema":{"@context":"https:\/\/schema.org","@graph":[{"@type":"WebPage","@id":"https:\/\/konferencja2024.awfis.net\/?page_id=326","url":"https:\/\/konferencja2024.awfis.net\/?page_id=326","name":"Wa\u017cne informacje - Konferencja AWFiS","isPartOf":{"@id":"https:\/\/konferencja2024.awfis.net\/#website"},"primaryImageOfPage":{"@id":"https:\/\/konferencja2024.awfis.net\/?page_id=326#primaryimage"},"image":{"@id":"https:\/\/konferencja2024.awfis.net\/?page_id=326#primaryimage"},"thumbnailUrl":"https:\/\/server173546.nazwa.pl\/wordpress\/wpn_Konferencja\/wp-content\/uploads\/2023\/10\/malelogobiale.png","datePublished":"2023-12-08T08:43:38+00:00","dateModified":"2024-04-08T11:44:44+00:00","breadcrumb":{"@id":"https:\/\/konferencja2024.awfis.net\/?page_id=326#breadcrumb"},"inLanguage":"pl-PL","potentialAction":[{"@type":"ReadAction","target":["https:\/\/konferencja2024.awfis.net\/?page_id=326"]}]},{"@type":"ImageObject","inLanguage":"pl-PL","@id":"https:\/\/konferencja2024.awfis.net\/?page_id=326#primaryimage","url":"https:\/\/server173546.nazwa.pl\/wordpress\/wpn_Konferencja\/wp-content\/uploads\/2023\/10\/malelogobiale.png","contentUrl":"https:\/\/server173546.nazwa.pl\/wordpress\/wpn_Konferencja\/wp-content\/uploads\/2023\/10\/malelogobiale.png"},{"@type":"BreadcrumbList","@id":"https:\/\/konferencja2024.awfis.net\/?page_id=326#breadcrumb","itemListElement":[{"@type":"ListItem","position":1,"name":"Home","item":"https:\/\/konferencja2024.awfis.net\/"},{"@type":"ListItem","position":2,"name":"Wa\u017cne informacje"}]},{"@type":"WebSite","@id":"https:\/\/konferencja2024.awfis.net\/#website","url":"https:\/\/konferencja2024.awfis.net\/","name":"Konferencja AWFiS","description":"","publisher":{"@id":"https:\/\/konferencja2024.awfis.net\/#organization"},"potentialAction":[{"@type":"SearchAction","target":{"@type":"EntryPoint","urlTemplate":"https:\/\/konferencja2024.awfis.net\/?s={search_term_string}"},"query-input":{"@type":"PropertyValueSpecification","valueRequired":true,"valueName":"search_term_string"}}],"inLanguage":"pl-PL"},{"@type":"Organization","@id":"https:\/\/konferencja2024.awfis.net\/#organization","name":"Konferencja AWFiS","url":"https:\/\/konferencja2024.awfis.net\/","logo":{"@type":"ImageObject","inLanguage":"pl-PL","@id":"https:\/\/konferencja2024.awfis.net\/#\/schema\/logo\/image\/","url":"","contentUrl":"","caption":"Konferencja AWFiS"},"image":{"@id":"https:\/\/konferencja2024.awfis.net\/#\/schema\/logo\/image\/"}}]}},"_links":{"self":[{"href":"https:\/\/konferencja2024.awfis.net\/index.php?rest_route=\/wp\/v2\/pages\/326","targetHints":{"allow":["GET"]}}],"collection":[{"href":"https:\/\/konferencja2024.awfis.net\/index.php?rest_route=\/wp\/v2\/pages"}],"about":[{"href":"https:\/\/konferencja2024.awfis.net\/index.php?rest_route=\/wp\/v2\/types\/page"}],"author":[{"embeddable":true,"href":"https:\/\/konferencja2024.awfis.net\/index.php?rest_route=\/wp\/v2\/users\/1"}],"replies":[{"embeddable":true,"href":"https:\/\/konferencja2024.awfis.net\/index.php?rest_route=%2Fwp%2Fv2%2Fcomments&post=326"}],"version-history":[{"count":18,"href":"https:\/\/konferencja2024.awfis.net\/index.php?rest_route=\/wp\/v2\/pages\/326\/revisions"}],"predecessor-version":[{"id":712,"href":"https:\/\/konferencja2024.awfis.net\/index.php?rest_route=\/wp\/v2\/pages\/326\/revisions\/712"}],"wp:attachment":[{"href":"https:\/\/konferencja2024.awfis.net\/index.php?rest_route=%2Fwp%2Fv2%2Fmedia&parent=326"}],"curies":[{"name":"wp","href":"https:\/\/api.w.org\/{rel}","templated":true}]}}