{"id":20,"date":"2023-10-06T09:33:53","date_gmt":"2023-10-06T07:33:53","guid":{"rendered":"https:\/\/server173546.nazwa.pl\/wordpress\/wpn_Konferencja\/?page_id=20"},"modified":"2025-01-08T13:40:30","modified_gmt":"2025-01-08T12:40:30","slug":"szczegoly-projektu","status":"publish","type":"page","link":"https:\/\/konferencja2024.awfis.net\/?page_id=20","title":{"rendered":"Program"},"content":{"rendered":"\n<div class=\"wp-block-cover alignfull\" style=\"min-height:121px;aspect-ratio:unset;\"><span aria-hidden=\"true\" class=\"wp-block-cover__background has-nv-site-bg-background-color has-background-dim-100 has-background-dim\"><\/span><div class=\"wp-block-cover__inner-container is-layout-flow wp-block-cover-is-layout-flow\">\n<div class=\"wp-block-group\"><div class=\"wp-block-group__inner-container is-layout-flow wp-block-group-is-layout-flow\">\n<div class=\"wp-block-columns are-vertically-aligned-center is-layout-flex wp-container-core-columns-is-layout-9d6595d7 wp-block-columns-is-layout-flex\">\n<div class=\"wp-block-column is-vertically-aligned-center is-layout-flow wp-block-column-is-layout-flow\" style=\"flex-basis:70%\">\n<h1 class=\"wp-block-heading has-text-align-left has-neve-text-color-color has-text-color\">Program konferencji<\/h1>\n\n\n\n<p class=\"has-neve-text-color-color has-text-color\" style=\"font-size:22px\">Sesja wyk\u0142adowa obejmuj\u0105ca kilkana\u015bcie wyst\u0105pie\u0144 wyst\u0105pie\u0144 podzielonych na 2 bloki tematyczne: przeciwdzia\u0142anie problemom zdrowotnym zwi\u0105zanym z zaka\u017ceniem wirusem SARS-CoV2 oraz edukacja prozdrowotnej i zalecenia dotycz\u0105ce aktywno\u015bci fizycznej i prawid\u0142owego od\u017cywiania dzieci i m\u0142odzie\u017cy<br>sesja posterowa.<\/p>\n<\/div>\n\n\n\n<div class=\"wp-block-column is-vertically-aligned-center is-layout-flow wp-block-column-is-layout-flow\" style=\"flex-basis:30%\"><\/div>\n<\/div>\n<\/div><\/div>\n<\/div><\/div>\n\n\n\n<div class=\"wp-block-cover alignfull\" style=\"min-height:600px;aspect-ratio:unset;\"><span aria-hidden=\"true\" class=\"wp-block-cover__background has-nv-light-bg-background-color has-background-dim-100 has-background-dim\"><\/span><div class=\"wp-block-cover__inner-container is-layout-flow wp-block-cover-is-layout-flow\">\n<div class=\"wp-block-group\"><div class=\"wp-block-group__inner-container is-layout-flow wp-block-group-is-layout-flow\">\n<div style=\"height:44px\" aria-hidden=\"true\" class=\"wp-block-spacer\"><\/div>\n\n\n\n<div class=\"wp-block-columns is-layout-flex wp-container-core-columns-is-layout-9d6595d7 wp-block-columns-is-layout-flex\">\n<div class=\"wp-block-column is-layout-flow wp-block-column-is-layout-flow\" style=\"flex-basis:50%\">\n<figure class=\"wp-block-image size-full is-resized\"><img loading=\"lazy\" decoding=\"async\" width=\"600\" height=\"1000\" src=\"https:\/\/konferencja2024.awfis.net\/wp-content\/uploads\/2024\/01\/Konferencja04.jpg\" alt=\"\" class=\"wp-image-606\" style=\"object-fit:cover;width:563px;height:938px\" srcset=\"https:\/\/konferencja2024.awfis.net\/wp-content\/uploads\/2024\/01\/Konferencja04.jpg 600w, https:\/\/konferencja2024.awfis.net\/wp-content\/uploads\/2024\/01\/Konferencja04-180x300.jpg 180w\" sizes=\"auto, (max-width: 600px) 100vw, 600px\" \/><\/figure>\n\n\n\n<div style=\"height:40px\" aria-hidden=\"true\" class=\"wp-block-spacer\"><\/div>\n<\/div>\n\n\n\n<div class=\"wp-block-column is-layout-flow wp-block-column-is-layout-flow\" style=\"flex-basis:50%\">\n<p class=\"has-neve-text-color-color has-text-color\" style=\"font-size:22px\"><strong>Dzie\u0144 1:<\/strong> Akademia Wychowania Fizycznego i Sportu w Gda\u0144sku, Sala Kongresowa<\/p>\n\n\n\n<p class=\"has-nv-dark-bg-color has-text-color\" style=\"font-size:18px\"><strong>09.00 &#8211; 10.00<\/strong> &#8211; rejestracja uczestnik\u00f3w<br><strong>10.00 &#8211; 10.15<\/strong> &#8211; otwarcie konferencji<br><strong>10.15 &#8211; 13.00<\/strong> &#8211; sesja wyk\u0142adowa (blok I)<br><strong>13.00 &#8211; 13.30<\/strong> &#8211; przerwa kawowa<br><strong>13.30 &#8211; 15.30<\/strong> &#8211; sesja wyk\u0142adowa (blok II)<br><strong>15.30 &#8211; 16.15<\/strong> &#8211; przerwa obiadowa<br><strong>16.15 &#8211; 17.00<\/strong> &#8211; sesja posterowa<\/p>\n\n\n\n<hr class=\"wp-block-separator has-css-opacity has-text-color has-neve-text-color-color has-neve-text-color-background-color has-background is-style-default\"\/>\n\n\n\n<p class=\"has-nv-dark-bg-color has-text-color\" style=\"font-size:18px\"><strong><strong>Tematy w&nbsp;sesji wyk\u0142adowej (blok I)<\/strong>:<\/strong><\/p>\n\n\n\n<ul class=\"wp-block-list has-nv-dark-bg-color has-text-color\">\n<li>Molekularne pod\u0142o\u017ce dzia\u0142ania wirusa SARS-CoV2 na organizm ludzki w kontek\u015bcie wp\u0142ywu na projektowan\u0105 aktywno\u015b\u0107 fizyczn\u0105 pacjent\u00f3w&nbsp;<\/li>\n\n\n\n<li>Problemy diagnostyczne zwi\u0105zane z wirusem SARS-CoV2 i innymi zaka\u017ceniami towarzysz\u0105cymi&nbsp;<\/li>\n\n\n\n<li>Metody wspomagania powrotu do zdrowia i sprawno\u015bci&nbsp;u os\u00f3b starszych&nbsp;po przebyciu COVID-19<\/li>\n\n\n\n<li>Rehabilitacja dzieci z zespo\u0142em post-covidowym w \u015bwietle wynik\u00f3w randomizowanych kontrolowanych bada\u0144 klinicznych&nbsp;<\/li>\n\n\n\n<li>Problem nadwagi i oty\u0142o\u015bci w spo\u0142ecze\u0144stwie polskim po pandemii oraz metody przeciwdzia\u0142ania tym problemom&nbsp;<\/li>\n<\/ul>\n\n\n\n<p class=\"has-nv-dark-bg-color has-text-color has-link-color wp-elements-cd81e7dd44c6994e715c771e146121b5\"><strong><strong>Tematy w&nbsp;sesji wyk\u0142adowej<\/strong> (blok II):<\/strong><\/p>\n\n\n\n<ul class=\"wp-block-list has-nv-dark-bg-color has-text-color\">\n<li>Znaczenie racjonalnego \u017cywienia w profilaktyce nadwagi i oty\u0142o\u015bci dzieci i m\u0142odzie\u017cy<\/li>\n\n\n\n<li>Zalecenia racjonalnego \u017cywienia m\u0142odzie\u017cy uprawiaj\u0105cej sport<\/li>\n\n\n\n<li>Suplementacja diety dzieci i m\u0142odzie\u017cy o zwi\u0119kszonej aktywno\u015bci fizycznej<\/li>\n\n\n\n<li>Znaczenie \u017cywno\u015bci i suplement\u00f3w probiotycznych dla zachowania i poprawy zdrowia m\u0142odzie\u017cy w okresie adolescencji<\/li>\n\n\n\n<li>Znaczenie szkolnej edukacji zdrowotnej dla kszta\u0142towania prozdrowotnego stylu \u017cycia dzieci i m\u0142odzie\u017cy<\/li>\n\n\n\n<li>Prezentacja wynik\u00f3w sprawno\u015bci fizycznej dzieci i m\u0142odzie\u017cy w ramach Sport Klub\u00f3w<\/li>\n<\/ul>\n<\/div>\n<\/div>\n\n\n\n<div style=\"height:21px\" aria-hidden=\"true\" class=\"wp-block-spacer\"><\/div>\n<\/div><\/div>\n<\/div><\/div>\n\n\n\n<div class=\"wp-block-cover alignfull\" style=\"min-height:600px;aspect-ratio:unset;\"><span aria-hidden=\"true\" class=\"wp-block-cover__background has-nv-site-bg-background-color has-background-dim-100 has-background-dim\"><\/span><div class=\"wp-block-cover__inner-container is-layout-flow wp-block-cover-is-layout-flow\">\n<div class=\"wp-block-group\"><div class=\"wp-block-group__inner-container is-layout-flow wp-block-group-is-layout-flow\">\n<div style=\"height:80px\" aria-hidden=\"true\" class=\"wp-block-spacer\"><\/div>\n\n\n\n<div class=\"wp-block-columns is-layout-flex wp-container-core-columns-is-layout-9d6595d7 wp-block-columns-is-layout-flex\">\n<div class=\"wp-block-column is-layout-flow wp-block-column-is-layout-flow\" style=\"flex-basis:50%\">\n<p class=\"has-nv-dark-bg-color has-text-color\"><\/p>\n\n\n\n<p class=\"has-neve-text-color-color has-text-color\" style=\"font-size:22px\"><strong>Dzie\u0144 2:<\/strong> Akademia Wychowania Fizycznego i Sportu w Gda\u0144sku, Sala Kongresowa<\/p>\n\n\n\n<p class=\"has-nv-dark-bg-color has-text-color\" style=\"font-size:18px\"><strong>09.30 &#8211; 11.00<\/strong> &#8211; warsztaty 1, 2, 3<br><strong>11.00 &#8211; 11.30<\/strong> &#8211; przerwa kawowa<br><strong>11.30 &#8211; 13.30<\/strong> &#8211; panel dyskusyjny<br><strong>13.30 &#8211; 13.45<\/strong> &#8211; podsumowanie konferencji<br><strong>13.45 &#8211; 14.00<\/strong> &#8211; podzi\u0119kowanie i zamkni\u0119cie konferencji<\/p>\n\n\n\n<hr class=\"wp-block-separator has-css-opacity has-text-color has-neve-text-color-color has-neve-text-color-background-color has-background is-style-default\"\/>\n\n\n\n<p class=\"has-nv-dark-bg-color has-text-color\" style=\"font-size:18px\"><\/p>\n\n\n\n<p class=\"has-nv-dark-bg-color has-text-color has-link-color wp-elements-673d989269c8a8cdf67a9566ec61d22d\"><strong>Planowane tematy w&nbsp;sesjach warsztatowych I-III:<\/strong><\/p>\n\n\n\n<ul class=\"wp-block-list has-nv-dark-bg-color has-text-color has-link-color wp-elements-1b2462d5bb84fff6ebc2b1e7e79cb855\">\n<li><a href=\"https:\/\/konferencja2024.awfis.net\/wp-content\/uploads\/2025\/01\/Konspekt-Aleksandra-Jazdzewska.pdf\">Zastosowanie mini band w treningu zdrowotnym<\/a><\/li>\n\n\n\n<li><a href=\"https:\/\/konferencja2024.awfis.net\/wp-content\/uploads\/2025\/01\/Konspekt-Malgorzata-Pogorzelska.pdf\">Fit &amp; Happy Kid \u2013 jak w niecodzienny spos\u00f3b kszta\u0142towa\u0107 sprawno\u015b\u0107 fizyczn\u0105 ukierunkowan\u0105 na zdrowie<\/a><\/li>\n\n\n\n<li><a href=\"https:\/\/konferencja2024.awfis.net\/wp-content\/uploads\/2025\/01\/Konspekt-Wojciech-Saklak.pdf\">Trening BootCamp, jako jeden ze sposob\u00f3w kszta\u0142towania wydolno\u015bci i si\u0142y uczni\u00f3w<\/a><\/li>\n<\/ul>\n\n\n\n<p><\/p>\n\n\n\n<div style=\"height:40px\" aria-hidden=\"true\" class=\"wp-block-spacer\"><\/div>\n<\/div>\n\n\n\n<div class=\"wp-block-column is-layout-flow wp-block-column-is-layout-flow\" style=\"flex-basis:50%\"><div class=\"wp-block-image\">\n<figure class=\"alignleft size-full is-resized\"><img loading=\"lazy\" decoding=\"async\" width=\"600\" height=\"600\" src=\"https:\/\/konferencja2024.awfis.net\/wp-content\/uploads\/2024\/01\/Konferencja03.jpg\" alt=\"\" class=\"wp-image-604\" style=\"width:563px;height:563px\" srcset=\"https:\/\/konferencja2024.awfis.net\/wp-content\/uploads\/2024\/01\/Konferencja03.jpg 600w, https:\/\/konferencja2024.awfis.net\/wp-content\/uploads\/2024\/01\/Konferencja03-300x300.jpg 300w, https:\/\/konferencja2024.awfis.net\/wp-content\/uploads\/2024\/01\/Konferencja03-150x150.jpg 150w\" sizes=\"auto, (max-width: 600px) 100vw, 600px\" \/><\/figure>\n<\/div><\/div>\n<\/div>\n\n\n\n<div style=\"height:40px\" aria-hidden=\"true\" class=\"wp-block-spacer\"><\/div>\n<\/div><\/div>\n<\/div><\/div>\n\n\n\n<div class=\"wp-block-cover alignfull\" style=\"min-height:286px;aspect-ratio:unset;\"><span aria-hidden=\"true\" class=\"wp-block-cover__background has-nv-dark-bg-background-color has-background-dim-100 has-background-dim\"><\/span><div class=\"wp-block-cover__inner-container is-layout-flow wp-block-cover-is-layout-flow\">\n<p><\/p>\n\n\n\n<p class=\"has-text-align-center has-medium-font-size\"><strong>ORGANIZATORZY I PARTNERZY KONFERENCJI<\/strong><\/p>\n\n\n\n<div class=\"wp-block-group is-content-justification-center is-nowrap is-layout-flex wp-container-core-group-is-layout-94bc23d7 wp-block-group-is-layout-flex\" style=\"border-radius:0px;font-size:82px\"><div class=\"wp-block-image\">\n<figure class=\"aligncenter size-full is-resized\"><img loading=\"lazy\" decoding=\"async\" width=\"150\" height=\"228\" src=\"https:\/\/server173546.nazwa.pl\/wordpress\/wpn_Konferencja\/wp-content\/uploads\/2023\/10\/malelogobiale.png\" alt=\"\" class=\"wp-image-100\" style=\"aspect-ratio:0.6551724137931034;width:73px\"\/><\/figure>\n<\/div>\n\n\n<div style=\"height:100px;width:41px\" aria-hidden=\"true\" class=\"wp-block-spacer wp-container-content-29cb0303\"><\/div>\n\n\n\n<figure class=\"wp-block-image size-full is-resized\"><img loading=\"lazy\" decoding=\"async\" width=\"1388\" height=\"433\" src=\"https:\/\/konferencja2024.awfis.net\/wp-content\/uploads\/2024\/04\/04_znak_-siatka_podstawowy_mono_ciemne_tlo-1.png\" alt=\"\" class=\"wp-image-707\" style=\"width:301px;height:auto\" srcset=\"https:\/\/konferencja2024.awfis.net\/wp-content\/uploads\/2024\/04\/04_znak_-siatka_podstawowy_mono_ciemne_tlo-1.png 1388w, https:\/\/konferencja2024.awfis.net\/wp-content\/uploads\/2024\/04\/04_znak_-siatka_podstawowy_mono_ciemne_tlo-1-300x94.png 300w, https:\/\/konferencja2024.awfis.net\/wp-content\/uploads\/2024\/04\/04_znak_-siatka_podstawowy_mono_ciemne_tlo-1-1024x319.png 1024w, https:\/\/konferencja2024.awfis.net\/wp-content\/uploads\/2024\/04\/04_znak_-siatka_podstawowy_mono_ciemne_tlo-1-768x240.png 768w\" sizes=\"auto, (max-width: 1388px) 100vw, 1388px\" \/><\/figure>\n\n\n\n<figure class=\"wp-block-image size-full is-resized\"><img loading=\"lazy\" decoding=\"async\" width=\"1000\" height=\"563\" src=\"https:\/\/konferencja2024.awfis.net\/wp-content\/uploads\/2024\/04\/mein_doskonala_nauka_on_white-1.png\" alt=\"\" class=\"wp-image-687\" style=\"width:291px;height:auto\" srcset=\"https:\/\/konferencja2024.awfis.net\/wp-content\/uploads\/2024\/04\/mein_doskonala_nauka_on_white-1.png 1000w, https:\/\/konferencja2024.awfis.net\/wp-content\/uploads\/2024\/04\/mein_doskonala_nauka_on_white-1-300x169.png 300w, https:\/\/konferencja2024.awfis.net\/wp-content\/uploads\/2024\/04\/mein_doskonala_nauka_on_white-1-768x432.png 768w\" sizes=\"auto, (max-width: 1000px) 100vw, 1000px\" \/><\/figure>\n<\/div>\n\n\n\n<div style=\"height:20px\" aria-hidden=\"true\" class=\"wp-block-spacer\"><\/div>\n\n\n\n<p class=\"has-text-align-center has-nv-site-bg-color has-text-color has-link-color wp-elements-4db77c308f6cc29c2943c7aab2d12059\"><em>Projekt finansowany ze \u015brodk\u00f3w bud\u017cetu pa\u0144stwa, przyznanych przez Ministra Nauki w ramach Programu Doskona\u0142a Nauka II<\/em><\/p>\n<\/div><\/div>\n","protected":false},"excerpt":{"rendered":"","protected":false},"author":1,"featured_media":0,"parent":0,"menu_order":0,"comment_status":"closed","ping_status":"closed","template":"","meta":{"neve_meta_sidebar":"","neve_meta_container":"","neve_meta_enable_content_width":"on","neve_meta_content_width":100,"neve_meta_title_alignment":"","neve_meta_author_avatar":"","neve_post_elements_order":"","neve_meta_disable_header":"","neve_meta_disable_footer":"","neve_meta_disable_title":"on","footnotes":""},"class_list":["post-20","page","type-page","status-publish","hentry"],"yoast_head":"<!-- This site is optimized with the Yoast SEO plugin v26.4 - https:\/\/yoast.com\/wordpress\/plugins\/seo\/ -->\n<title>Program - Konferencja AWFiS<\/title>\n<meta name=\"robots\" content=\"index, follow, max-snippet:-1, max-image-preview:large, max-video-preview:-1\" \/>\n<link rel=\"canonical\" href=\"https:\/\/konferencja2024.awfis.net\/?page_id=20\" \/>\n<meta property=\"og:locale\" content=\"pl_PL\" \/>\n<meta property=\"og:type\" content=\"article\" \/>\n<meta property=\"og:title\" content=\"Program - Konferencja AWFiS\" \/>\n<meta property=\"og:url\" content=\"https:\/\/konferencja2024.awfis.net\/?page_id=20\" \/>\n<meta property=\"og:site_name\" content=\"Konferencja AWFiS\" \/>\n<meta property=\"article:modified_time\" content=\"2025-01-08T12:40:30+00:00\" \/>\n<meta property=\"og:image\" content=\"https:\/\/konferencja2024.awfis.net\/wp-content\/uploads\/2024\/01\/Konferencja04.jpg\" \/>\n<meta name=\"twitter:card\" content=\"summary_large_image\" \/>\n<meta name=\"twitter:label1\" content=\"Szacowany czas czytania\" \/>\n\t<meta name=\"twitter:data1\" content=\"3 minuty\" \/>\n<script type=\"application\/ld+json\" class=\"yoast-schema-graph\">{\"@context\":\"https:\/\/schema.org\",\"@graph\":[{\"@type\":\"WebPage\",\"@id\":\"https:\/\/konferencja2024.awfis.net\/?page_id=20\",\"url\":\"https:\/\/konferencja2024.awfis.net\/?page_id=20\",\"name\":\"Program - Konferencja AWFiS\",\"isPartOf\":{\"@id\":\"https:\/\/konferencja2024.awfis.net\/#website\"},\"primaryImageOfPage\":{\"@id\":\"https:\/\/konferencja2024.awfis.net\/?page_id=20#primaryimage\"},\"image\":{\"@id\":\"https:\/\/konferencja2024.awfis.net\/?page_id=20#primaryimage\"},\"thumbnailUrl\":\"https:\/\/konferencja2024.awfis.net\/wp-content\/uploads\/2024\/01\/Konferencja04.jpg\",\"datePublished\":\"2023-10-06T07:33:53+00:00\",\"dateModified\":\"2025-01-08T12:40:30+00:00\",\"breadcrumb\":{\"@id\":\"https:\/\/konferencja2024.awfis.net\/?page_id=20#breadcrumb\"},\"inLanguage\":\"pl-PL\",\"potentialAction\":[{\"@type\":\"ReadAction\",\"target\":[\"https:\/\/konferencja2024.awfis.net\/?page_id=20\"]}]},{\"@type\":\"ImageObject\",\"inLanguage\":\"pl-PL\",\"@id\":\"https:\/\/konferencja2024.awfis.net\/?page_id=20#primaryimage\",\"url\":\"https:\/\/konferencja2024.awfis.net\/wp-content\/uploads\/2024\/01\/Konferencja04.jpg\",\"contentUrl\":\"https:\/\/konferencja2024.awfis.net\/wp-content\/uploads\/2024\/01\/Konferencja04.jpg\",\"width\":600,\"height\":1000},{\"@type\":\"BreadcrumbList\",\"@id\":\"https:\/\/konferencja2024.awfis.net\/?page_id=20#breadcrumb\",\"itemListElement\":[{\"@type\":\"ListItem\",\"position\":1,\"name\":\"Home\",\"item\":\"https:\/\/konferencja2024.awfis.net\/\"},{\"@type\":\"ListItem\",\"position\":2,\"name\":\"Program\"}]},{\"@type\":\"WebSite\",\"@id\":\"https:\/\/konferencja2024.awfis.net\/#website\",\"url\":\"https:\/\/konferencja2024.awfis.net\/\",\"name\":\"Konferencja AWFiS\",\"description\":\"\",\"publisher\":{\"@id\":\"https:\/\/konferencja2024.awfis.net\/#organization\"},\"potentialAction\":[{\"@type\":\"SearchAction\",\"target\":{\"@type\":\"EntryPoint\",\"urlTemplate\":\"https:\/\/konferencja2024.awfis.net\/?s={search_term_string}\"},\"query-input\":{\"@type\":\"PropertyValueSpecification\",\"valueRequired\":true,\"valueName\":\"search_term_string\"}}],\"inLanguage\":\"pl-PL\"},{\"@type\":\"Organization\",\"@id\":\"https:\/\/konferencja2024.awfis.net\/#organization\",\"name\":\"Konferencja AWFiS\",\"url\":\"https:\/\/konferencja2024.awfis.net\/\",\"logo\":{\"@type\":\"ImageObject\",\"inLanguage\":\"pl-PL\",\"@id\":\"https:\/\/konferencja2024.awfis.net\/#\/schema\/logo\/image\/\",\"url\":\"\",\"contentUrl\":\"\",\"caption\":\"Konferencja AWFiS\"},\"image\":{\"@id\":\"https:\/\/konferencja2024.awfis.net\/#\/schema\/logo\/image\/\"}}]}<\/script>\n<!-- \/ Yoast SEO plugin. -->","yoast_head_json":{"title":"Program - Konferencja AWFiS","robots":{"index":"index","follow":"follow","max-snippet":"max-snippet:-1","max-image-preview":"max-image-preview:large","max-video-preview":"max-video-preview:-1"},"canonical":"https:\/\/konferencja2024.awfis.net\/?page_id=20","og_locale":"pl_PL","og_type":"article","og_title":"Program - Konferencja AWFiS","og_url":"https:\/\/konferencja2024.awfis.net\/?page_id=20","og_site_name":"Konferencja AWFiS","article_modified_time":"2025-01-08T12:40:30+00:00","og_image":[{"url":"https:\/\/konferencja2024.awfis.net\/wp-content\/uploads\/2024\/01\/Konferencja04.jpg","type":"","width":"","height":""}],"twitter_card":"summary_large_image","twitter_misc":{"Szacowany czas czytania":"3 minuty"},"schema":{"@context":"https:\/\/schema.org","@graph":[{"@type":"WebPage","@id":"https:\/\/konferencja2024.awfis.net\/?page_id=20","url":"https:\/\/konferencja2024.awfis.net\/?page_id=20","name":"Program - Konferencja AWFiS","isPartOf":{"@id":"https:\/\/konferencja2024.awfis.net\/#website"},"primaryImageOfPage":{"@id":"https:\/\/konferencja2024.awfis.net\/?page_id=20#primaryimage"},"image":{"@id":"https:\/\/konferencja2024.awfis.net\/?page_id=20#primaryimage"},"thumbnailUrl":"https:\/\/konferencja2024.awfis.net\/wp-content\/uploads\/2024\/01\/Konferencja04.jpg","datePublished":"2023-10-06T07:33:53+00:00","dateModified":"2025-01-08T12:40:30+00:00","breadcrumb":{"@id":"https:\/\/konferencja2024.awfis.net\/?page_id=20#breadcrumb"},"inLanguage":"pl-PL","potentialAction":[{"@type":"ReadAction","target":["https:\/\/konferencja2024.awfis.net\/?page_id=20"]}]},{"@type":"ImageObject","inLanguage":"pl-PL","@id":"https:\/\/konferencja2024.awfis.net\/?page_id=20#primaryimage","url":"https:\/\/konferencja2024.awfis.net\/wp-content\/uploads\/2024\/01\/Konferencja04.jpg","contentUrl":"https:\/\/konferencja2024.awfis.net\/wp-content\/uploads\/2024\/01\/Konferencja04.jpg","width":600,"height":1000},{"@type":"BreadcrumbList","@id":"https:\/\/konferencja2024.awfis.net\/?page_id=20#breadcrumb","itemListElement":[{"@type":"ListItem","position":1,"name":"Home","item":"https:\/\/konferencja2024.awfis.net\/"},{"@type":"ListItem","position":2,"name":"Program"}]},{"@type":"WebSite","@id":"https:\/\/konferencja2024.awfis.net\/#website","url":"https:\/\/konferencja2024.awfis.net\/","name":"Konferencja AWFiS","description":"","publisher":{"@id":"https:\/\/konferencja2024.awfis.net\/#organization"},"potentialAction":[{"@type":"SearchAction","target":{"@type":"EntryPoint","urlTemplate":"https:\/\/konferencja2024.awfis.net\/?s={search_term_string}"},"query-input":{"@type":"PropertyValueSpecification","valueRequired":true,"valueName":"search_term_string"}}],"inLanguage":"pl-PL"},{"@type":"Organization","@id":"https:\/\/konferencja2024.awfis.net\/#organization","name":"Konferencja AWFiS","url":"https:\/\/konferencja2024.awfis.net\/","logo":{"@type":"ImageObject","inLanguage":"pl-PL","@id":"https:\/\/konferencja2024.awfis.net\/#\/schema\/logo\/image\/","url":"","contentUrl":"","caption":"Konferencja AWFiS"},"image":{"@id":"https:\/\/konferencja2024.awfis.net\/#\/schema\/logo\/image\/"}}]}},"_links":{"self":[{"href":"https:\/\/konferencja2024.awfis.net\/index.php?rest_route=\/wp\/v2\/pages\/20","targetHints":{"allow":["GET"]}}],"collection":[{"href":"https:\/\/konferencja2024.awfis.net\/index.php?rest_route=\/wp\/v2\/pages"}],"about":[{"href":"https:\/\/konferencja2024.awfis.net\/index.php?rest_route=\/wp\/v2\/types\/page"}],"author":[{"embeddable":true,"href":"https:\/\/konferencja2024.awfis.net\/index.php?rest_route=\/wp\/v2\/users\/1"}],"replies":[{"embeddable":true,"href":"https:\/\/konferencja2024.awfis.net\/index.php?rest_route=%2Fwp%2Fv2%2Fcomments&post=20"}],"version-history":[{"count":62,"href":"https:\/\/konferencja2024.awfis.net\/index.php?rest_route=\/wp\/v2\/pages\/20\/revisions"}],"predecessor-version":[{"id":739,"href":"https:\/\/konferencja2024.awfis.net\/index.php?rest_route=\/wp\/v2\/pages\/20\/revisions\/739"}],"wp:attachment":[{"href":"https:\/\/konferencja2024.awfis.net\/index.php?rest_route=%2Fwp%2Fv2%2Fmedia&parent=20"}],"curies":[{"name":"wp","href":"https:\/\/api.w.org\/{rel}","templated":true}]}}