{"id":19,"date":"2023-10-06T09:33:53","date_gmt":"2023-10-06T07:33:53","guid":{"rendered":"https:\/\/server173546.nazwa.pl\/wordpress\/wpn_Konferencja\/?page_id=19"},"modified":"2025-02-28T12:56:13","modified_gmt":"2025-02-28T11:56:13","slug":"portofolio","status":"publish","type":"page","link":"https:\/\/konferencja2024.awfis.net\/?page_id=19","title":{"rendered":"O konferencji"},"content":{"rendered":"\n<div class=\"wp-block-cover alignfull\" style=\"min-height:198px;aspect-ratio:unset;\"><span aria-hidden=\"true\" class=\"wp-block-cover__background has-nv-site-bg-background-color has-background-dim-100 has-background-dim\"><\/span><div class=\"wp-block-cover__inner-container is-layout-flow wp-block-cover-is-layout-flow\">\n<div class=\"wp-block-group\"><div class=\"wp-block-group__inner-container is-layout-flow wp-block-group-is-layout-flow\">\n<h1 class=\"wp-block-heading has-text-align-left has-neve-text-color-color has-text-color\">O konferencji<\/h1>\n<\/div><\/div>\n<\/div><\/div>\n\n\n\n<p style=\"font-size:22px\">Konferencja Naukowo-Metodyczna pn. &#8222;Aktywno\u015b\u0107 fizyczna, styl \u017cycia i zdrowie przed i po pandemii&#8221; odb\u0119dzie si\u0119 12-13 kwietnia 2024 roku w Sali Kongresowej Akademii Wychowania Fizycznego i Sportu w Gda\u0144sku. Zg\u0142oszenia uczestnictwa prosz\u0119 wysy\u0142a\u0107 poprzez formularz na stronie w terminie do 17.03.2024 r. <\/p>\n\n\n\n<p style=\"font-size:22px\"><\/p>\n\n\n\n<div class=\"wp-block-cover alignfull\" style=\"min-height:600px;aspect-ratio:unset;\"><span aria-hidden=\"true\" class=\"wp-block-cover__background has-nv-light-bg-background-color has-background-dim-100 has-background-dim\"><\/span><div class=\"wp-block-cover__inner-container is-layout-flow wp-block-cover-is-layout-flow\">\n<div class=\"wp-block-group\"><div class=\"wp-block-group__inner-container is-layout-flow wp-block-group-is-layout-flow\">\n<div style=\"height:80px\" aria-hidden=\"true\" class=\"wp-block-spacer\"><\/div>\n\n\n\n<div class=\"wp-block-columns are-vertically-aligned-center is-layout-flex wp-container-core-columns-is-layout-9d6595d7 wp-block-columns-is-layout-flex\">\n<div class=\"wp-block-column is-vertically-aligned-center is-layout-flow wp-block-column-is-layout-flow\" style=\"flex-basis:50%\">\n<figure class=\"wp-block-image size-large\"><img decoding=\"async\" src=\"https:\/\/konferencja2024.awfis.net\/wp-content\/uploads\/2025\/02\/awfiskonferencja.jpg\" alt=\"\"\/><\/figure>\n\n\n\n<div style=\"height:24px\" aria-hidden=\"true\" class=\"wp-block-spacer\"><\/div>\n\n\n\n<h3 class=\"wp-block-heading has-text-align-center has-neve-text-color-color has-text-color\">Organizator konferencji<\/h3>\n\n\n\n<p class=\"has-text-align-center has-neve-text-color-color has-text-color\">Akademia Wychowania Fizycznego i Sportu im. J\u0119drzeja \u015aniadeckiego w Gda\u0144sku, ul. Kazimierza G\u00f3rskiego 1, 80-336 Gda\u0144sk<br><\/p>\n\n\n\n<div style=\"height:40px\" aria-hidden=\"true\" class=\"wp-block-spacer\"><\/div>\n<\/div>\n\n\n\n<div class=\"wp-block-column is-vertically-aligned-center is-layout-flow wp-block-column-is-layout-flow\" style=\"flex-basis:50%\">\n<figure class=\"wp-block-image size-large\"><img decoding=\"async\" src=\"https:\/\/konferencja2024.awfis.net\/wp-content\/uploads\/2025\/02\/plakatkonferencja.jpg\" alt=\"\"\/><\/figure>\n\n\n\n<div style=\"height:24px\" aria-hidden=\"true\" class=\"wp-block-spacer\"><\/div>\n\n\n\n<h3 class=\"wp-block-heading has-text-align-center has-neve-text-color-color has-text-color\">Patronat<\/h3>\n\n\n\n<p class=\"has-text-align-center has-neve-text-color-color has-text-color\">Sprawuje JM Rektor Akademii Wychowania Fizycznego i Sportu w Gda\u0144sku: prof. dr hab. Pawe\u0142 Ci\u0119szczyk<\/p>\n\n\n\n<div style=\"height:40px\" aria-hidden=\"true\" class=\"wp-block-spacer\"><\/div>\n<\/div>\n<\/div>\n\n\n\n<div style=\"height:40px\" aria-hidden=\"true\" class=\"wp-block-spacer\"><\/div>\n<\/div><\/div>\n<\/div><\/div>\n\n\n\n<div class=\"wp-block-cover alignfull\" style=\"min-height:600px;aspect-ratio:unset;\"><span aria-hidden=\"true\" class=\"wp-block-cover__background has-nv-site-bg-background-color has-background-dim-100 has-background-dim\"><\/span><div class=\"wp-block-cover__inner-container is-layout-flow wp-block-cover-is-layout-flow\">\n<div class=\"wp-block-group\"><div class=\"wp-block-group__inner-container is-layout-flow wp-block-group-is-layout-flow\">\n<div style=\"height:70px\" aria-hidden=\"true\" class=\"wp-block-spacer\"><\/div>\n\n\n\n<div class=\"wp-block-columns is-layout-flex wp-container-core-columns-is-layout-9d6595d7 wp-block-columns-is-layout-flex\">\n<div class=\"wp-block-column is-vertically-aligned-center is-layout-flow wp-block-column-is-layout-flow\" style=\"flex-basis:50%\">\n<div style=\"height:24px\" aria-hidden=\"true\" class=\"wp-block-spacer\"><\/div>\n\n\n\n<h3 class=\"wp-block-heading has-text-align-left has-neve-text-color-color has-text-color\">Komitet naukowy<\/h3>\n\n\n\n<div class=\"wp-block-columns is-layout-flex wp-container-core-columns-is-layout-9d6595d7 wp-block-columns-is-layout-flex\">\n<div class=\"wp-block-column is-layout-flow wp-block-column-is-layout-flow\" style=\"flex-basis:100%\">\n<ul class=\"wp-block-list has-neve-text-color-color has-text-color\">\n<li>dr hab. Agnieszka Maciejewska-Skrendo, prof. AWFiS,<\/li>\n\n\n\n<li>prof. dr hab. Andrzej Kosmol (AWF Warszawa),<\/li>\n\n\n\n<li>prof. dr hab. Adam Zaj\u0105c (AWF Katowice),<\/li>\n\n\n\n<li>prof. dr hab. Adam Maszczyk (AWF Katowice),<\/li>\n\n\n\n<li>prof. dr hab. Magdalena Wi\u0119cek (AWF Krak\u00f3w),<\/li>\n\n\n\n<li>dr hab. Micha\u0142 Spieszny (AWF Krak\u00f3w),<\/li>\n\n\n\n<li>dr hab. Barbara Fr\u0105czek, prof. AWFiS (Gda\u0144sk), <\/li>\n\n\n\n<li>dr hab. Agata Leo\u0144ska-Duniec, prof. AWFiS (Gda\u0144sk), <\/li>\n\n\n\n<li>dr hab. Katarzyna Le\u017anicka, prof. AWFiS (Gda\u0144sk), <\/li>\n\n\n\n<li>dr hab. Marcin Dornowski, prof. AWFiS (Gda\u0144sk), <\/li>\n\n\n\n<li>dr hab. Aleksandra Ja\u017cd\u017cewska, prof. AWFiS (Gda\u0144sk).<\/li>\n<\/ul>\n\n\n\n<h3 class=\"wp-block-heading has-neve-text-color-color has-text-color has-link-color wp-elements-45dcc365ffdf3e6a753d7be7225aee14\">Komitet organizacyjny<\/h3>\n\n\n\n<p><\/p>\n\n\n\n<ul class=\"wp-block-list has-neve-text-color-color has-text-color\">\n<li>dr hab. Agnieszka Maciejewska-Skrendo<\/li>\n\n\n\n<li>dr hab. Aleksandra Ja\u017cd\u017cewska<\/li>\n\n\n\n<li>dr Pawe\u0142 Drobnik<\/li>\n\n\n\n<li>dr Kinga Humi\u0144ska-Lisowska<\/li>\n\n\n\n<li>dr Monika Micha\u0142owska-Sawczyn<\/li>\n\n\n\n<li>dr Aleksandra Bojarczuk<\/li>\n\n\n\n<li>dr Magdalena Dzitkowska-Zabielska<\/li>\n\n\n\n<li>mgr Joanna \u017belazny<\/li>\n\n\n\n<li>mgr \u017baneta Wojdakowska<\/li>\n\n\n\n<li>dr Piotr Wojdakowski<\/li>\n<\/ul>\n<\/div>\n<\/div>\n\n\n\n<p><\/p>\n\n\n\n<p><\/p>\n\n\n\n<p><\/p>\n\n\n\n<div style=\"height:40px\" aria-hidden=\"true\" class=\"wp-block-spacer\"><\/div>\n<\/div>\n\n\n\n<div class=\"wp-block-column is-vertically-aligned-top is-layout-flow wp-block-column-is-layout-flow\" style=\"flex-basis:50%\">\n<div style=\"height:24px\" aria-hidden=\"true\" class=\"wp-block-spacer\"><\/div>\n\n\n\n<h3 class=\"wp-block-heading has-text-align-left has-neve-text-color-color has-text-color\">Zaproszeni go\u015bcie<\/h3>\n\n\n\n<div style=\"height:4px\" aria-hidden=\"true\" class=\"wp-block-spacer\"><\/div>\n\n\n\n<ul class=\"wp-block-list has-neve-text-color-color has-text-color\">\n<li>prof. dr hab. Andrzej Klimek &#8211; AWF Krak\u00f3w<\/li>\n\n\n\n<li>prof. dr hab. Bartosz Molik &#8211; AWF Warszawa<\/li>\n\n\n\n<li>prof. dr hab. Andrzej Kosmol &#8211; AWF Warszawa<\/li>\n\n\n\n<li>dr Janusz Dobosz &#8211; AWF Warszawa<\/li>\n\n\n\n<li>dr hab. Maria Gacek &#8211; AWF Krak\u00f3w<\/li>\n\n\n\n<li>Adrianna Dadci-Smoliniec &#8211; KS Ada Judo Fun<\/li>\n\n\n\n<li>Damian Ku\u017ami\u0144ski &#8211; Urz\u0105d Miejski Gda\u0144sk<\/li>\n\n\n\n<li>prof. dr hab. Adam Maszczyk<\/li>\n\n\n\n<li>prof. dr hab. Magdalena Wi\u0119cek<\/li>\n\n\n\n<li>dr hab. Marek Zawartka<\/li>\n\n\n\n<li>dr Aleksandra Pi\u0119ta<\/li>\n<\/ul>\n\n\n\n<div style=\"height:40px\" aria-hidden=\"true\" class=\"wp-block-spacer\"><\/div>\n<\/div>\n<\/div>\n\n\n\n<div style=\"height:0px\" aria-hidden=\"true\" class=\"wp-block-spacer\"><\/div>\n<\/div><\/div>\n<\/div><\/div>\n\n\n\n<div class=\"wp-block-cover alignfull\" style=\"min-height:300px;aspect-ratio:unset;\"><span aria-hidden=\"true\" class=\"wp-block-cover__background has-nv-dark-bg-background-color has-background-dim-100 has-background-dim\"><\/span><div class=\"wp-block-cover__inner-container is-layout-flow wp-block-cover-is-layout-flow\">\n<div style=\"height:26px\" aria-hidden=\"true\" class=\"wp-block-spacer\"><\/div>\n\n\n\n<p class=\"has-text-align-center has-nv-text-dark-bg-color has-text-color\"><strong>ORGANIZATORZY I PARTNERZY KONFERENCJI<\/strong><\/p>\n\n\n\n<div class=\"wp-block-group is-content-justification-center is-nowrap is-layout-flex wp-container-core-group-is-layout-61c62df3 wp-block-group-is-layout-flex\" style=\"border-style:none;border-width:0px;border-radius:0px;padding-top:0;padding-right:0;padding-bottom:0;padding-left:0;font-size:81px\"><div class=\"wp-block-image\">\n<figure class=\"aligncenter size-full is-resized\"><img loading=\"lazy\" decoding=\"async\" width=\"150\" height=\"228\" src=\"https:\/\/konferencja2024.awfis.net\/wp-content\/uploads\/2023\/10\/malelogobiale.png\" alt=\"\" class=\"wp-image-100\" style=\"width:73px;height:auto\"\/><\/figure>\n<\/div>\n\n\n<div style=\"height:100px;width:41px\" aria-hidden=\"true\" class=\"wp-block-spacer wp-container-content-29cb0303\"><\/div>\n\n\n\n<figure class=\"wp-block-image size-full is-resized\"><img loading=\"lazy\" decoding=\"async\" width=\"1388\" height=\"433\" src=\"https:\/\/konferencja2024.awfis.net\/wp-content\/uploads\/2024\/04\/04_znak_-siatka_podstawowy_mono_ciemne_tlo-1.png\" alt=\"\" class=\"wp-image-707\" style=\"width:302px;height:auto\" srcset=\"https:\/\/konferencja2024.awfis.net\/wp-content\/uploads\/2024\/04\/04_znak_-siatka_podstawowy_mono_ciemne_tlo-1.png 1388w, https:\/\/konferencja2024.awfis.net\/wp-content\/uploads\/2024\/04\/04_znak_-siatka_podstawowy_mono_ciemne_tlo-1-300x94.png 300w, https:\/\/konferencja2024.awfis.net\/wp-content\/uploads\/2024\/04\/04_znak_-siatka_podstawowy_mono_ciemne_tlo-1-1024x319.png 1024w, https:\/\/konferencja2024.awfis.net\/wp-content\/uploads\/2024\/04\/04_znak_-siatka_podstawowy_mono_ciemne_tlo-1-768x240.png 768w\" sizes=\"auto, (max-width: 1388px) 100vw, 1388px\" \/><\/figure>\n\n\n\n<figure class=\"wp-block-image size-full is-resized\"><img loading=\"lazy\" decoding=\"async\" width=\"1000\" height=\"563\" src=\"https:\/\/konferencja2024.awfis.net\/wp-content\/uploads\/2024\/04\/mein_doskonala_nauka_on_white-1.png\" alt=\"\" class=\"wp-image-687\" style=\"width:290px;height:auto\" srcset=\"https:\/\/konferencja2024.awfis.net\/wp-content\/uploads\/2024\/04\/mein_doskonala_nauka_on_white-1.png 1000w, https:\/\/konferencja2024.awfis.net\/wp-content\/uploads\/2024\/04\/mein_doskonala_nauka_on_white-1-300x169.png 300w, https:\/\/konferencja2024.awfis.net\/wp-content\/uploads\/2024\/04\/mein_doskonala_nauka_on_white-1-768x432.png 768w\" sizes=\"auto, (max-width: 1000px) 100vw, 1000px\" \/><\/figure>\n<\/div>\n\n\n\n<div class=\"wp-block-group\"><div class=\"wp-block-group__inner-container is-layout-constrained wp-block-group-is-layout-constrained\">\n<div style=\"height:32px\" aria-hidden=\"true\" class=\"wp-block-spacer\"><\/div>\n\n\n\n<p class=\"has-text-align-center has-nv-text-dark-bg-color has-text-color\" style=\"font-size:14px\"><em>Projekt finansowany ze \u015brodk\u00f3w bud\u017cetu pa\u0144stwa, przyznanych przez Ministra Nauki w ramach Programu Doskona\u0142a Nauka II<\/em><\/p>\n<\/div><\/div>\n<\/div><\/div>\n","protected":false},"excerpt":{"rendered":"<p>Konferencja Naukowo-Metodyczna pn. &#8222;Aktywno\u015b\u0107 fizyczna, styl \u017cycia i zdrowie przed i po pandemii&#8221; odb\u0119dzie si\u0119 12-13 kwietnia 2024 roku w Sali Kongresowej Akademii Wychowania Fizycznego i Sportu w Gda\u0144sku. Zg\u0142oszenia uczestnictwa prosz\u0119 wysy\u0142a\u0107 poprzez formularz na stronie w terminie do 17.03.2024 r.<\/p>\n","protected":false},"author":1,"featured_media":0,"parent":0,"menu_order":0,"comment_status":"closed","ping_status":"closed","template":"","meta":{"neve_meta_sidebar":"","neve_meta_container":"","neve_meta_enable_content_width":"on","neve_meta_content_width":100,"neve_meta_title_alignment":"","neve_meta_author_avatar":"","neve_post_elements_order":"","neve_meta_disable_header":"","neve_meta_disable_footer":"","neve_meta_disable_title":"on","footnotes":""},"class_list":["post-19","page","type-page","status-publish","hentry"],"yoast_head":"<!-- This site is optimized with the Yoast SEO plugin v26.4 - https:\/\/yoast.com\/wordpress\/plugins\/seo\/ -->\n<title>O konferencji - Konferencja AWFiS<\/title>\n<meta name=\"robots\" content=\"index, follow, max-snippet:-1, max-image-preview:large, max-video-preview:-1\" \/>\n<link rel=\"canonical\" href=\"https:\/\/konferencja2024.awfis.net\/?page_id=19\" \/>\n<meta property=\"og:locale\" content=\"pl_PL\" \/>\n<meta property=\"og:type\" content=\"article\" \/>\n<meta property=\"og:title\" content=\"O konferencji - Konferencja AWFiS\" \/>\n<meta property=\"og:description\" content=\"Konferencja Naukowo-Metodyczna pn. &#8222;Aktywno\u015b\u0107 fizyczna, styl \u017cycia i zdrowie przed i po pandemii&#8221; odb\u0119dzie si\u0119 12-13 kwietnia 2024 roku w Sali Kongresowej Akademii Wychowania Fizycznego i Sportu w Gda\u0144sku. Zg\u0142oszenia uczestnictwa prosz\u0119 wysy\u0142a\u0107 poprzez formularz na stronie w terminie do 17.03.2024 r.\" \/>\n<meta property=\"og:url\" content=\"https:\/\/konferencja2024.awfis.net\/?page_id=19\" \/>\n<meta property=\"og:site_name\" content=\"Konferencja AWFiS\" \/>\n<meta property=\"article:modified_time\" content=\"2025-02-28T11:56:13+00:00\" \/>\n<meta property=\"og:image\" content=\"https:\/\/konferencja2024.awfis.net\/wp-content\/uploads\/2025\/02\/awfiskonferencja.jpg\" \/>\n<meta name=\"twitter:card\" content=\"summary_large_image\" \/>\n<script type=\"application\/ld+json\" class=\"yoast-schema-graph\">{\"@context\":\"https:\/\/schema.org\",\"@graph\":[{\"@type\":\"WebPage\",\"@id\":\"https:\/\/konferencja2024.awfis.net\/?page_id=19\",\"url\":\"https:\/\/konferencja2024.awfis.net\/?page_id=19\",\"name\":\"O konferencji - Konferencja AWFiS\",\"isPartOf\":{\"@id\":\"https:\/\/konferencja2024.awfis.net\/#website\"},\"primaryImageOfPage\":{\"@id\":\"https:\/\/konferencja2024.awfis.net\/?page_id=19#primaryimage\"},\"image\":{\"@id\":\"https:\/\/konferencja2024.awfis.net\/?page_id=19#primaryimage\"},\"thumbnailUrl\":\"https:\/\/konferencja2024.awfis.net\/wp-content\/uploads\/2025\/02\/awfiskonferencja.jpg\",\"datePublished\":\"2023-10-06T07:33:53+00:00\",\"dateModified\":\"2025-02-28T11:56:13+00:00\",\"breadcrumb\":{\"@id\":\"https:\/\/konferencja2024.awfis.net\/?page_id=19#breadcrumb\"},\"inLanguage\":\"pl-PL\",\"potentialAction\":[{\"@type\":\"ReadAction\",\"target\":[\"https:\/\/konferencja2024.awfis.net\/?page_id=19\"]}]},{\"@type\":\"ImageObject\",\"inLanguage\":\"pl-PL\",\"@id\":\"https:\/\/konferencja2024.awfis.net\/?page_id=19#primaryimage\",\"url\":\"https:\/\/konferencja2024.awfis.net\/wp-content\/uploads\/2025\/02\/awfiskonferencja.jpg\",\"contentUrl\":\"https:\/\/konferencja2024.awfis.net\/wp-content\/uploads\/2025\/02\/awfiskonferencja.jpg\",\"width\":600,\"height\":818},{\"@type\":\"BreadcrumbList\",\"@id\":\"https:\/\/konferencja2024.awfis.net\/?page_id=19#breadcrumb\",\"itemListElement\":[{\"@type\":\"ListItem\",\"position\":1,\"name\":\"Home\",\"item\":\"https:\/\/konferencja2024.awfis.net\/\"},{\"@type\":\"ListItem\",\"position\":2,\"name\":\"O konferencji\"}]},{\"@type\":\"WebSite\",\"@id\":\"https:\/\/konferencja2024.awfis.net\/#website\",\"url\":\"https:\/\/konferencja2024.awfis.net\/\",\"name\":\"Konferencja AWFiS\",\"description\":\"\",\"publisher\":{\"@id\":\"https:\/\/konferencja2024.awfis.net\/#organization\"},\"potentialAction\":[{\"@type\":\"SearchAction\",\"target\":{\"@type\":\"EntryPoint\",\"urlTemplate\":\"https:\/\/konferencja2024.awfis.net\/?s={search_term_string}\"},\"query-input\":{\"@type\":\"PropertyValueSpecification\",\"valueRequired\":true,\"valueName\":\"search_term_string\"}}],\"inLanguage\":\"pl-PL\"},{\"@type\":\"Organization\",\"@id\":\"https:\/\/konferencja2024.awfis.net\/#organization\",\"name\":\"Konferencja AWFiS\",\"url\":\"https:\/\/konferencja2024.awfis.net\/\",\"logo\":{\"@type\":\"ImageObject\",\"inLanguage\":\"pl-PL\",\"@id\":\"https:\/\/konferencja2024.awfis.net\/#\/schema\/logo\/image\/\",\"url\":\"\",\"contentUrl\":\"\",\"caption\":\"Konferencja AWFiS\"},\"image\":{\"@id\":\"https:\/\/konferencja2024.awfis.net\/#\/schema\/logo\/image\/\"}}]}<\/script>\n<!-- \/ Yoast SEO plugin. -->","yoast_head_json":{"title":"O konferencji - Konferencja AWFiS","robots":{"index":"index","follow":"follow","max-snippet":"max-snippet:-1","max-image-preview":"max-image-preview:large","max-video-preview":"max-video-preview:-1"},"canonical":"https:\/\/konferencja2024.awfis.net\/?page_id=19","og_locale":"pl_PL","og_type":"article","og_title":"O konferencji - Konferencja AWFiS","og_description":"Konferencja Naukowo-Metodyczna pn. &#8222;Aktywno\u015b\u0107 fizyczna, styl \u017cycia i zdrowie przed i po pandemii&#8221; odb\u0119dzie si\u0119 12-13 kwietnia 2024 roku w Sali Kongresowej Akademii Wychowania Fizycznego i Sportu w Gda\u0144sku. Zg\u0142oszenia uczestnictwa prosz\u0119 wysy\u0142a\u0107 poprzez formularz na stronie w terminie do 17.03.2024 r.","og_url":"https:\/\/konferencja2024.awfis.net\/?page_id=19","og_site_name":"Konferencja AWFiS","article_modified_time":"2025-02-28T11:56:13+00:00","og_image":[{"url":"https:\/\/konferencja2024.awfis.net\/wp-content\/uploads\/2025\/02\/awfiskonferencja.jpg","type":"","width":"","height":""}],"twitter_card":"summary_large_image","schema":{"@context":"https:\/\/schema.org","@graph":[{"@type":"WebPage","@id":"https:\/\/konferencja2024.awfis.net\/?page_id=19","url":"https:\/\/konferencja2024.awfis.net\/?page_id=19","name":"O konferencji - Konferencja AWFiS","isPartOf":{"@id":"https:\/\/konferencja2024.awfis.net\/#website"},"primaryImageOfPage":{"@id":"https:\/\/konferencja2024.awfis.net\/?page_id=19#primaryimage"},"image":{"@id":"https:\/\/konferencja2024.awfis.net\/?page_id=19#primaryimage"},"thumbnailUrl":"https:\/\/konferencja2024.awfis.net\/wp-content\/uploads\/2025\/02\/awfiskonferencja.jpg","datePublished":"2023-10-06T07:33:53+00:00","dateModified":"2025-02-28T11:56:13+00:00","breadcrumb":{"@id":"https:\/\/konferencja2024.awfis.net\/?page_id=19#breadcrumb"},"inLanguage":"pl-PL","potentialAction":[{"@type":"ReadAction","target":["https:\/\/konferencja2024.awfis.net\/?page_id=19"]}]},{"@type":"ImageObject","inLanguage":"pl-PL","@id":"https:\/\/konferencja2024.awfis.net\/?page_id=19#primaryimage","url":"https:\/\/konferencja2024.awfis.net\/wp-content\/uploads\/2025\/02\/awfiskonferencja.jpg","contentUrl":"https:\/\/konferencja2024.awfis.net\/wp-content\/uploads\/2025\/02\/awfiskonferencja.jpg","width":600,"height":818},{"@type":"BreadcrumbList","@id":"https:\/\/konferencja2024.awfis.net\/?page_id=19#breadcrumb","itemListElement":[{"@type":"ListItem","position":1,"name":"Home","item":"https:\/\/konferencja2024.awfis.net\/"},{"@type":"ListItem","position":2,"name":"O konferencji"}]},{"@type":"WebSite","@id":"https:\/\/konferencja2024.awfis.net\/#website","url":"https:\/\/konferencja2024.awfis.net\/","name":"Konferencja AWFiS","description":"","publisher":{"@id":"https:\/\/konferencja2024.awfis.net\/#organization"},"potentialAction":[{"@type":"SearchAction","target":{"@type":"EntryPoint","urlTemplate":"https:\/\/konferencja2024.awfis.net\/?s={search_term_string}"},"query-input":{"@type":"PropertyValueSpecification","valueRequired":true,"valueName":"search_term_string"}}],"inLanguage":"pl-PL"},{"@type":"Organization","@id":"https:\/\/konferencja2024.awfis.net\/#organization","name":"Konferencja AWFiS","url":"https:\/\/konferencja2024.awfis.net\/","logo":{"@type":"ImageObject","inLanguage":"pl-PL","@id":"https:\/\/konferencja2024.awfis.net\/#\/schema\/logo\/image\/","url":"","contentUrl":"","caption":"Konferencja AWFiS"},"image":{"@id":"https:\/\/konferencja2024.awfis.net\/#\/schema\/logo\/image\/"}}]}},"_links":{"self":[{"href":"https:\/\/konferencja2024.awfis.net\/index.php?rest_route=\/wp\/v2\/pages\/19","targetHints":{"allow":["GET"]}}],"collection":[{"href":"https:\/\/konferencja2024.awfis.net\/index.php?rest_route=\/wp\/v2\/pages"}],"about":[{"href":"https:\/\/konferencja2024.awfis.net\/index.php?rest_route=\/wp\/v2\/types\/page"}],"author":[{"embeddable":true,"href":"https:\/\/konferencja2024.awfis.net\/index.php?rest_route=\/wp\/v2\/users\/1"}],"replies":[{"embeddable":true,"href":"https:\/\/konferencja2024.awfis.net\/index.php?rest_route=%2Fwp%2Fv2%2Fcomments&post=19"}],"version-history":[{"count":93,"href":"https:\/\/konferencja2024.awfis.net\/index.php?rest_route=\/wp\/v2\/pages\/19\/revisions"}],"predecessor-version":[{"id":754,"href":"https:\/\/konferencja2024.awfis.net\/index.php?rest_route=\/wp\/v2\/pages\/19\/revisions\/754"}],"wp:attachment":[{"href":"https:\/\/konferencja2024.awfis.net\/index.php?rest_route=%2Fwp%2Fv2%2Fmedia&parent=19"}],"curies":[{"name":"wp","href":"https:\/\/api.w.org\/{rel}","templated":true}]}}