{"id":16,"date":"2023-10-06T09:33:53","date_gmt":"2023-10-06T07:33:53","guid":{"rendered":"https:\/\/server173546.nazwa.pl\/wordpress\/wpn_Konferencja\/?page_id=16"},"modified":"2024-04-08T13:41:28","modified_gmt":"2024-04-08T11:41:28","slug":"strona-glowna","status":"publish","type":"page","link":"https:\/\/konferencja2024.awfis.net\/","title":{"rendered":"Konferencja"},"content":{"rendered":"\n<div class=\"wp-block-cover alignfull is-light\" style=\"min-height:700px;aspect-ratio:unset;\"><span aria-hidden=\"true\" class=\"wp-block-cover__background has-background-dim-0 has-background-dim\"><\/span><img loading=\"lazy\" decoding=\"async\" width=\"2400\" height=\"1600\" class=\"wp-block-cover__image-background wp-image-52\" alt=\"\" src=\"https:\/\/server173546.nazwa.pl\/wordpress\/wpn_Konferencja\/wp-content\/uploads\/2023\/10\/aktywnosc.jpg\" style=\"object-position:55% 71%\" data-object-fit=\"cover\" data-object-position=\"55% 71%\" srcset=\"https:\/\/konferencja2024.awfis.net\/wp-content\/uploads\/2023\/10\/aktywnosc.jpg 2400w, https:\/\/konferencja2024.awfis.net\/wp-content\/uploads\/2023\/10\/aktywnosc-300x200.jpg 300w, https:\/\/konferencja2024.awfis.net\/wp-content\/uploads\/2023\/10\/aktywnosc-1024x683.jpg 1024w, https:\/\/konferencja2024.awfis.net\/wp-content\/uploads\/2023\/10\/aktywnosc-768x512.jpg 768w, https:\/\/konferencja2024.awfis.net\/wp-content\/uploads\/2023\/10\/aktywnosc-1536x1024.jpg 1536w, https:\/\/konferencja2024.awfis.net\/wp-content\/uploads\/2023\/10\/aktywnosc-2048x1365.jpg 2048w, https:\/\/konferencja2024.awfis.net\/wp-content\/uploads\/2023\/10\/aktywnosc-930x620.jpg 930w\" sizes=\"auto, (max-width: 2400px) 100vw, 2400px\" \/><div class=\"wp-block-cover__inner-container is-layout-flow wp-block-cover-is-layout-flow\">\n<div style=\"height:80px\" aria-hidden=\"true\" class=\"wp-block-spacer\"><\/div>\n\n\n\n<h1 class=\"wp-block-heading has-text-align-center has-nv-site-bg-color has-text-color\" style=\"font-size:53px;font-style:normal;font-weight:900\">Konferencja Naukowo-Metodyczna<\/h1>\n\n\n\n<p class=\"has-text-align-center has-nv-site-bg-color has-text-color\" style=\"font-size:18px\">Serdecznie zapraszamy na konferencj\u0119 pn. Aktywno\u015b\u0107 fizyczna, styl \u017cycia i zdrowie przed i po pandemii<br>Konferencja odb\u0119dzie si\u0119 12-13.04.2024 r.w godzinach 09.00 -17.00<br><\/p>\n\n\n\n<div class=\"wp-block-buttons is-content-justification-center is-layout-flex wp-container-core-buttons-is-layout-16018d1d wp-block-buttons-is-layout-flex\">\n<div class=\"wp-block-button is-style-primary\"><a class=\"wp-block-button__link wp-element-button\" href=\"https:\/\/konferencja2024.awfis.net\/?page_id=288\">REJESTRACJA<\/a><\/div>\n\n\n\n<div class=\"wp-block-button is-style-secondary\"><a class=\"wp-block-button__link has-nv-site-bg-color has-text-color wp-element-button\" href=\"https:\/\/konferencja2024.awfis.net\/?page_id=19\" target=\"_blank\" rel=\"noreferrer noopener\">DOWIEDZ SI\u0118 WI\u0118CEJ<\/a><\/div>\n<\/div>\n\n\n\n<div style=\"height:80px\" aria-hidden=\"true\" class=\"wp-block-spacer\"><\/div>\n\n\n\n<div style=\"height:80px\" aria-hidden=\"true\" class=\"wp-block-spacer\"><\/div>\n\n\n\n<p><\/p>\n<\/div><\/div>\n\n\n\n<div style=\"height:80px\" aria-hidden=\"true\" class=\"wp-block-spacer\"><\/div>\n\n\n\n<div class=\"wp-block-columns is-layout-flex wp-container-core-columns-is-layout-9d6595d7 wp-block-columns-is-layout-flex\">\n<div class=\"wp-block-column is-layout-flow wp-block-column-is-layout-flow\"><div class=\"wp-block-image icon-style is-style-default\">\n<figure class=\"aligncenter size-full is-resized\"><img loading=\"lazy\" decoding=\"async\" width=\"588\" height=\"493\" src=\"https:\/\/server173546.nazwa.pl\/wordpress\/wpn_Konferencja\/wp-content\/uploads\/2023\/10\/org.jpg\" alt=\"\" class=\"wp-image-84\" style=\"object-fit:cover;width:80px;height:67px\" srcset=\"https:\/\/konferencja2024.awfis.net\/wp-content\/uploads\/2023\/10\/org.jpg 588w, https:\/\/konferencja2024.awfis.net\/wp-content\/uploads\/2023\/10\/org-300x252.jpg 300w\" sizes=\"auto, (max-width: 588px) 100vw, 588px\" \/><\/figure>\n<\/div>\n\n\n<div style=\"height:20px\" aria-hidden=\"true\" class=\"wp-block-spacer\"><\/div>\n\n\n\n<h3 class=\"wp-block-heading has-text-align-center has-neve-text-color-color has-text-color\">Organizator<\/h3>\n\n\n\n<p class=\"has-text-align-center\">Akademia Wychowania Fizycznego i Sportu im. J\u0119drzeja \u015aniadeckiego w Gda\u0144sku<\/p>\n\n\n\n<div style=\"height:20px\" aria-hidden=\"true\" class=\"wp-block-spacer\"><\/div>\n<\/div>\n\n\n\n<div class=\"wp-block-column is-layout-flow wp-block-column-is-layout-flow\"><div class=\"wp-block-image icon-style is-style-default\">\n<figure class=\"aligncenter size-full is-resized\"><img loading=\"lazy\" decoding=\"async\" width=\"588\" height=\"493\" src=\"https:\/\/server173546.nazwa.pl\/wordpress\/wpn_Konferencja\/wp-content\/uploads\/2023\/10\/partnerzy.jpg\" alt=\"\" class=\"wp-image-81\" style=\"object-fit:cover;width:80px;height:67px\" srcset=\"https:\/\/konferencja2024.awfis.net\/wp-content\/uploads\/2023\/10\/partnerzy.jpg 588w, https:\/\/konferencja2024.awfis.net\/wp-content\/uploads\/2023\/10\/partnerzy-300x252.jpg 300w\" sizes=\"auto, (max-width: 588px) 100vw, 588px\" \/><\/figure>\n<\/div>\n\n\n<div style=\"height:20px\" aria-hidden=\"true\" class=\"wp-block-spacer\"><\/div>\n\n\n\n<h3 class=\"wp-block-heading has-text-align-center has-neve-text-color-color has-text-color\">Partnerzy<\/h3>\n\n\n\n<p class=\"has-text-align-center\">Proponowani partnerzy konferencji naukow-metodycznej<\/p>\n\n\n\n<div style=\"height:20px\" aria-hidden=\"true\" class=\"wp-block-spacer\"><\/div>\n<\/div>\n\n\n\n<div class=\"wp-block-column is-layout-flow wp-block-column-is-layout-flow\"><div class=\"wp-block-image icon-style is-style-rounded\">\n<figure class=\"aligncenter size-full is-resized\"><img loading=\"lazy\" decoding=\"async\" width=\"588\" height=\"493\" src=\"https:\/\/server173546.nazwa.pl\/wordpress\/wpn_Konferencja\/wp-content\/uploads\/2023\/10\/patronat.jpg\" alt=\"\" class=\"wp-image-82\" style=\"object-fit:cover;width:80px;height:67px\" srcset=\"https:\/\/konferencja2024.awfis.net\/wp-content\/uploads\/2023\/10\/patronat.jpg 588w, https:\/\/konferencja2024.awfis.net\/wp-content\/uploads\/2023\/10\/patronat-300x252.jpg 300w\" sizes=\"auto, (max-width: 588px) 100vw, 588px\" \/><\/figure>\n<\/div>\n\n\n<div style=\"height:20px\" aria-hidden=\"true\" class=\"wp-block-spacer\"><\/div>\n\n\n\n<h3 class=\"wp-block-heading has-text-align-center has-neve-text-color-color has-text-color\">Patronaty<\/h3>\n\n\n\n<p class=\"has-text-align-center\"><strong>Patronat honorowy<\/strong>: sprawuje JM Rektor Akademii Wychowania Fizycznego i Sportu w Gda\u0144sku: prof. dr hab. Pawe\u0142 Ci\u0119szczyk<\/p>\n\n\n\n<div style=\"height:20px\" aria-hidden=\"true\" class=\"wp-block-spacer\"><\/div>\n<\/div>\n<\/div>\n\n\n\n<div class=\"wp-block-cover alignfull\" style=\"min-height:600px;aspect-ratio:unset;\"><span aria-hidden=\"true\" class=\"wp-block-cover__background has-nv-site-bg-background-color has-background-dim-100 has-background-dim\"><\/span><div class=\"wp-block-cover__inner-container is-layout-flow wp-block-cover-is-layout-flow\">\n<div class=\"wp-block-group\"><div class=\"wp-block-group__inner-container is-layout-flow wp-block-group-is-layout-flow\">\n<div style=\"height:55px\" aria-hidden=\"true\" class=\"wp-block-spacer\"><\/div>\n\n\n\n<div class=\"wp-block-columns are-vertically-aligned-center is-layout-flex wp-container-core-columns-is-layout-9d6595d7 wp-block-columns-is-layout-flex\">\n<div class=\"wp-block-column is-vertically-aligned-center is-layout-flow wp-block-column-is-layout-flow\" style=\"flex-basis:50%\">\n<h2 class=\"wp-block-heading has-text-align-left has-neve-text-color-color has-text-color\">Miejsce konferencji<\/h2>\n\n\n\n<p class=\"has-text-align-left has-neve-text-color-color has-text-color\" style=\"font-size:17px\">Serce gda\u0144skiej&nbsp;<strong>Akademii Wychowania Fizycznego i Sportu<\/strong>&nbsp;usytuowane jest w Gda\u0144sku-Oliwie, miejscu zalesionym, urokliwym i przestrzennym, o bogatej, wielowiekowej historii, w otoczeniu wspania\u0142ych zabytk\u00f3w jak Park Oliwski czy Archikatedra Oliwska. Zaledwie 3 kilometry dziel\u0105 mury Akademii od przepi\u0119knych pla\u017c nad&nbsp;<strong>Ba\u0142tykiem<\/strong>. Uczelnia od zawsze jest \u015bci\u015ble zwi\u0105zana z Miastem Gda\u0144skiem, dbaj\u0105c nie tylko o rozw\u00f3j sportu wysoko kwalifikowanego, ale tak\u017ce o aktywno\u015b\u0107 fizyczn\u0105 i zdrowie jego mieszka\u0144c\u00f3w. <\/p>\n\n\n\n<div class=\"wp-block-buttons is-content-justification-left is-layout-flex wp-container-core-buttons-is-layout-fdcfc74e wp-block-buttons-is-layout-flex\">\n<div class=\"wp-block-button is-style-primary\"><a class=\"wp-block-button__link wp-element-button\" href=\"http:\/\/www.awf.gda.pl\">Witryna uczelni<\/a><\/div>\n<\/div>\n\n\n\n<div style=\"height:40px\" aria-hidden=\"true\" class=\"wp-block-spacer\"><\/div>\n<\/div>\n\n\n\n<div class=\"wp-block-column is-vertically-aligned-center is-layout-flow wp-block-column-is-layout-flow\" style=\"flex-basis:50%\">\n<figure class=\"wp-block-image size-large is-resized\"><img loading=\"lazy\" decoding=\"async\" width=\"1024\" height=\"656\" src=\"https:\/\/server173546.nazwa.pl\/wordpress\/wpn_Konferencja\/wp-content\/uploads\/2023\/10\/92938995_2990371971050905_2755319913789784064_o-1170x750-1-1024x656.jpg\" alt=\"\" class=\"wp-image-91\" style=\"aspect-ratio:16\/9;object-fit:contain;width:862px;height:undefinedpx\" srcset=\"https:\/\/konferencja2024.awfis.net\/wp-content\/uploads\/2023\/10\/92938995_2990371971050905_2755319913789784064_o-1170x750-1-1024x656.jpg 1024w, https:\/\/konferencja2024.awfis.net\/wp-content\/uploads\/2023\/10\/92938995_2990371971050905_2755319913789784064_o-1170x750-1-300x192.jpg 300w, https:\/\/konferencja2024.awfis.net\/wp-content\/uploads\/2023\/10\/92938995_2990371971050905_2755319913789784064_o-1170x750-1-768x492.jpg 768w, https:\/\/konferencja2024.awfis.net\/wp-content\/uploads\/2023\/10\/92938995_2990371971050905_2755319913789784064_o-1170x750-1.jpg 1170w\" sizes=\"auto, (max-width: 1024px) 100vw, 1024px\" \/><figcaption class=\"wp-element-caption\">Business executives participating in a business meeting at conference center<\/figcaption><\/figure>\n<\/div>\n<\/div>\n\n\n\n<div style=\"height:40px\" aria-hidden=\"true\" class=\"wp-block-spacer\"><\/div>\n<\/div><\/div>\n<\/div><\/div>\n\n\n\n<div class=\"wp-block-cover alignfull\" style=\"min-height:272px;aspect-ratio:unset;\"><span aria-hidden=\"true\" class=\"wp-block-cover__background has-nv-dark-bg-background-color has-background-dim-100 has-background-dim\"><\/span><div class=\"wp-block-cover__inner-container is-layout-flow wp-block-cover-is-layout-flow\">\n<p><\/p>\n\n\n\n<p class=\"has-text-align-center has-medium-font-size\">ORGANIZATORZY I PARTNERZY KONFERENCJI<\/p>\n\n\n\n<div class=\"wp-block-group is-content-justification-center is-nowrap is-layout-flex wp-container-core-group-is-layout-94bc23d7 wp-block-group-is-layout-flex\" style=\"font-size:82px\">\n<figure class=\"wp-block-image size-full is-resized\"><img loading=\"lazy\" decoding=\"async\" width=\"150\" height=\"228\" src=\"https:\/\/konferencja2024.awfis.net\/wp-content\/uploads\/2023\/10\/malelogobiale.png\" alt=\"\" class=\"wp-image-100\" style=\"width:76px;height:auto\"\/><\/figure>\n\n\n\n<div style=\"height:100px;width:40px\" aria-hidden=\"true\" class=\"wp-block-spacer wp-container-content-28f0cd9b\"><\/div>\n\n\n\n<figure class=\"wp-block-image size-full is-resized\"><img loading=\"lazy\" decoding=\"async\" width=\"1388\" height=\"433\" src=\"https:\/\/konferencja2024.awfis.net\/wp-content\/uploads\/2024\/04\/04_znak_-siatka_podstawowy_mono_ciemne_tlo-1.png\" alt=\"\" class=\"wp-image-707\" style=\"width:302px;height:auto\" srcset=\"https:\/\/konferencja2024.awfis.net\/wp-content\/uploads\/2024\/04\/04_znak_-siatka_podstawowy_mono_ciemne_tlo-1.png 1388w, https:\/\/konferencja2024.awfis.net\/wp-content\/uploads\/2024\/04\/04_znak_-siatka_podstawowy_mono_ciemne_tlo-1-300x94.png 300w, https:\/\/konferencja2024.awfis.net\/wp-content\/uploads\/2024\/04\/04_znak_-siatka_podstawowy_mono_ciemne_tlo-1-1024x319.png 1024w, https:\/\/konferencja2024.awfis.net\/wp-content\/uploads\/2024\/04\/04_znak_-siatka_podstawowy_mono_ciemne_tlo-1-768x240.png 768w\" sizes=\"auto, (max-width: 1388px) 100vw, 1388px\" \/><\/figure>\n\n\n\n<figure class=\"wp-block-image size-full is-resized\"><img loading=\"lazy\" decoding=\"async\" width=\"1000\" height=\"563\" src=\"https:\/\/konferencja2024.awfis.net\/wp-content\/uploads\/2024\/04\/mein_doskonala_nauka_on_white-1.png\" alt=\"\" class=\"wp-image-687\" style=\"width:290px;height:auto\" srcset=\"https:\/\/konferencja2024.awfis.net\/wp-content\/uploads\/2024\/04\/mein_doskonala_nauka_on_white-1.png 1000w, https:\/\/konferencja2024.awfis.net\/wp-content\/uploads\/2024\/04\/mein_doskonala_nauka_on_white-1-300x169.png 300w, https:\/\/konferencja2024.awfis.net\/wp-content\/uploads\/2024\/04\/mein_doskonala_nauka_on_white-1-768x432.png 768w\" sizes=\"auto, (max-width: 1000px) 100vw, 1000px\" \/><\/figure>\n<\/div>\n\n\n\n<div style=\"height:25px\" aria-hidden=\"true\" class=\"wp-block-spacer\"><\/div>\n\n\n\n<p class=\"has-text-align-center has-nv-site-bg-color has-text-color has-link-color wp-elements-4db77c308f6cc29c2943c7aab2d12059\"><em>Projekt finansowany ze \u015brodk\u00f3w bud\u017cetu pa\u0144stwa, przyznanych przez Ministra Nauki w ramach Programu Doskona\u0142a Nauka II<\/em><\/p>\n<\/div><\/div>\n\n\n\n<figure class=\"wp-block-image size-full is-resized\"><img loading=\"lazy\" decoding=\"async\" width=\"554\" height=\"240\" src=\"https:\/\/konferencja2024.awfis.net\/wp-content\/uploads\/2024\/01\/rid_logo_color-1.png\" alt=\"\" class=\"wp-image-629\" style=\"width:221px\" srcset=\"https:\/\/konferencja2024.awfis.net\/wp-content\/uploads\/2024\/01\/rid_logo_color-1.png 554w, https:\/\/konferencja2024.awfis.net\/wp-content\/uploads\/2024\/01\/rid_logo_color-1-300x130.png 300w\" sizes=\"auto, (max-width: 554px) 100vw, 554px\" \/><\/figure>\n\n\n\n<hr class=\"wp-block-separator has-alpha-channel-opacity\"\/>\n","protected":false},"excerpt":{"rendered":"<p>Organizator Akademia Wychowania Fizycznego i Sportu im. J\u0119drzeja \u015aniadeckiego w Gda\u0144sku Partnerzy Proponowani partnerzy konferencji naukow-metodycznej Patronaty Patronat honorowy: sprawuje JM Rektor Akademii Wychowania Fizycznego i Sportu w Gda\u0144sku: prof. dr hab. Pawe\u0142 Ci\u0119szczyk<\/p>\n","protected":false},"author":1,"featured_media":0,"parent":0,"menu_order":0,"comment_status":"closed","ping_status":"closed","template":"","meta":{"neve_meta_sidebar":"","neve_meta_container":"","neve_meta_enable_content_width":"on","neve_meta_content_width":100,"neve_meta_title_alignment":"","neve_meta_author_avatar":"","neve_post_elements_order":"","neve_meta_disable_header":"","neve_meta_disable_footer":"","neve_meta_disable_title":"on","footnotes":""},"class_list":["post-16","page","type-page","status-publish","hentry"],"yoast_head":"<!-- This site is optimized with the Yoast SEO plugin v26.4 - https:\/\/yoast.com\/wordpress\/plugins\/seo\/ -->\n<title>Konferencja - Konferencja AWFiS<\/title>\n<meta name=\"robots\" content=\"index, follow, max-snippet:-1, max-image-preview:large, max-video-preview:-1\" \/>\n<link rel=\"canonical\" href=\"https:\/\/konferencja2024.awfis.net\/\" \/>\n<meta property=\"og:locale\" content=\"pl_PL\" \/>\n<meta property=\"og:type\" content=\"article\" \/>\n<meta property=\"og:title\" content=\"Konferencja - Konferencja AWFiS\" \/>\n<meta property=\"og:description\" content=\"Organizator Akademia Wychowania Fizycznego i Sportu im. J\u0119drzeja \u015aniadeckiego w Gda\u0144sku Partnerzy Proponowani partnerzy konferencji naukow-metodycznej Patronaty Patronat honorowy: sprawuje JM Rektor Akademii Wychowania Fizycznego i Sportu w Gda\u0144sku: prof. dr hab. Pawe\u0142 Ci\u0119szczyk\" \/>\n<meta property=\"og:url\" content=\"https:\/\/konferencja2024.awfis.net\/\" \/>\n<meta property=\"og:site_name\" content=\"Konferencja AWFiS\" \/>\n<meta property=\"article:modified_time\" content=\"2024-04-08T11:41:28+00:00\" \/>\n<meta property=\"og:image\" content=\"https:\/\/server173546.nazwa.pl\/wordpress\/wpn_Konferencja\/wp-content\/uploads\/2023\/10\/aktywnosc.jpg\" \/>\n<meta name=\"twitter:card\" content=\"summary_large_image\" \/>\n<meta name=\"twitter:label1\" content=\"Szacowany czas czytania\" \/>\n\t<meta name=\"twitter:data1\" content=\"3 minuty\" \/>\n<script type=\"application\/ld+json\" class=\"yoast-schema-graph\">{\"@context\":\"https:\/\/schema.org\",\"@graph\":[{\"@type\":\"WebPage\",\"@id\":\"https:\/\/konferencja2024.awfis.net\/\",\"url\":\"https:\/\/konferencja2024.awfis.net\/\",\"name\":\"Konferencja - Konferencja AWFiS\",\"isPartOf\":{\"@id\":\"https:\/\/konferencja2024.awfis.net\/#website\"},\"primaryImageOfPage\":{\"@id\":\"https:\/\/konferencja2024.awfis.net\/#primaryimage\"},\"image\":{\"@id\":\"https:\/\/konferencja2024.awfis.net\/#primaryimage\"},\"thumbnailUrl\":\"https:\/\/server173546.nazwa.pl\/wordpress\/wpn_Konferencja\/wp-content\/uploads\/2023\/10\/aktywnosc.jpg\",\"datePublished\":\"2023-10-06T07:33:53+00:00\",\"dateModified\":\"2024-04-08T11:41:28+00:00\",\"breadcrumb\":{\"@id\":\"https:\/\/konferencja2024.awfis.net\/#breadcrumb\"},\"inLanguage\":\"pl-PL\",\"potentialAction\":[{\"@type\":\"ReadAction\",\"target\":[\"https:\/\/konferencja2024.awfis.net\/\"]}]},{\"@type\":\"ImageObject\",\"inLanguage\":\"pl-PL\",\"@id\":\"https:\/\/konferencja2024.awfis.net\/#primaryimage\",\"url\":\"https:\/\/server173546.nazwa.pl\/wordpress\/wpn_Konferencja\/wp-content\/uploads\/2023\/10\/aktywnosc.jpg\",\"contentUrl\":\"https:\/\/server173546.nazwa.pl\/wordpress\/wpn_Konferencja\/wp-content\/uploads\/2023\/10\/aktywnosc.jpg\"},{\"@type\":\"BreadcrumbList\",\"@id\":\"https:\/\/konferencja2024.awfis.net\/#breadcrumb\",\"itemListElement\":[{\"@type\":\"ListItem\",\"position\":1,\"name\":\"Home\",\"item\":\"https:\/\/konferencja2024.awfis.net\/\"},{\"@type\":\"ListItem\",\"position\":2,\"name\":\"Konferencja\"}]},{\"@type\":\"WebSite\",\"@id\":\"https:\/\/konferencja2024.awfis.net\/#website\",\"url\":\"https:\/\/konferencja2024.awfis.net\/\",\"name\":\"Konferencja AWFiS\",\"description\":\"\",\"publisher\":{\"@id\":\"https:\/\/konferencja2024.awfis.net\/#organization\"},\"potentialAction\":[{\"@type\":\"SearchAction\",\"target\":{\"@type\":\"EntryPoint\",\"urlTemplate\":\"https:\/\/konferencja2024.awfis.net\/?s={search_term_string}\"},\"query-input\":{\"@type\":\"PropertyValueSpecification\",\"valueRequired\":true,\"valueName\":\"search_term_string\"}}],\"inLanguage\":\"pl-PL\"},{\"@type\":\"Organization\",\"@id\":\"https:\/\/konferencja2024.awfis.net\/#organization\",\"name\":\"Konferencja AWFiS\",\"url\":\"https:\/\/konferencja2024.awfis.net\/\",\"logo\":{\"@type\":\"ImageObject\",\"inLanguage\":\"pl-PL\",\"@id\":\"https:\/\/konferencja2024.awfis.net\/#\/schema\/logo\/image\/\",\"url\":\"\",\"contentUrl\":\"\",\"caption\":\"Konferencja AWFiS\"},\"image\":{\"@id\":\"https:\/\/konferencja2024.awfis.net\/#\/schema\/logo\/image\/\"}}]}<\/script>\n<!-- \/ Yoast SEO plugin. -->","yoast_head_json":{"title":"Konferencja - Konferencja AWFiS","robots":{"index":"index","follow":"follow","max-snippet":"max-snippet:-1","max-image-preview":"max-image-preview:large","max-video-preview":"max-video-preview:-1"},"canonical":"https:\/\/konferencja2024.awfis.net\/","og_locale":"pl_PL","og_type":"article","og_title":"Konferencja - Konferencja AWFiS","og_description":"Organizator Akademia Wychowania Fizycznego i Sportu im. J\u0119drzeja \u015aniadeckiego w Gda\u0144sku Partnerzy Proponowani partnerzy konferencji naukow-metodycznej Patronaty Patronat honorowy: sprawuje JM Rektor Akademii Wychowania Fizycznego i Sportu w Gda\u0144sku: prof. dr hab. Pawe\u0142 Ci\u0119szczyk","og_url":"https:\/\/konferencja2024.awfis.net\/","og_site_name":"Konferencja AWFiS","article_modified_time":"2024-04-08T11:41:28+00:00","og_image":[{"url":"https:\/\/server173546.nazwa.pl\/wordpress\/wpn_Konferencja\/wp-content\/uploads\/2023\/10\/aktywnosc.jpg","type":"","width":"","height":""}],"twitter_card":"summary_large_image","twitter_misc":{"Szacowany czas czytania":"3 minuty"},"schema":{"@context":"https:\/\/schema.org","@graph":[{"@type":"WebPage","@id":"https:\/\/konferencja2024.awfis.net\/","url":"https:\/\/konferencja2024.awfis.net\/","name":"Konferencja - Konferencja AWFiS","isPartOf":{"@id":"https:\/\/konferencja2024.awfis.net\/#website"},"primaryImageOfPage":{"@id":"https:\/\/konferencja2024.awfis.net\/#primaryimage"},"image":{"@id":"https:\/\/konferencja2024.awfis.net\/#primaryimage"},"thumbnailUrl":"https:\/\/server173546.nazwa.pl\/wordpress\/wpn_Konferencja\/wp-content\/uploads\/2023\/10\/aktywnosc.jpg","datePublished":"2023-10-06T07:33:53+00:00","dateModified":"2024-04-08T11:41:28+00:00","breadcrumb":{"@id":"https:\/\/konferencja2024.awfis.net\/#breadcrumb"},"inLanguage":"pl-PL","potentialAction":[{"@type":"ReadAction","target":["https:\/\/konferencja2024.awfis.net\/"]}]},{"@type":"ImageObject","inLanguage":"pl-PL","@id":"https:\/\/konferencja2024.awfis.net\/#primaryimage","url":"https:\/\/server173546.nazwa.pl\/wordpress\/wpn_Konferencja\/wp-content\/uploads\/2023\/10\/aktywnosc.jpg","contentUrl":"https:\/\/server173546.nazwa.pl\/wordpress\/wpn_Konferencja\/wp-content\/uploads\/2023\/10\/aktywnosc.jpg"},{"@type":"BreadcrumbList","@id":"https:\/\/konferencja2024.awfis.net\/#breadcrumb","itemListElement":[{"@type":"ListItem","position":1,"name":"Home","item":"https:\/\/konferencja2024.awfis.net\/"},{"@type":"ListItem","position":2,"name":"Konferencja"}]},{"@type":"WebSite","@id":"https:\/\/konferencja2024.awfis.net\/#website","url":"https:\/\/konferencja2024.awfis.net\/","name":"Konferencja AWFiS","description":"","publisher":{"@id":"https:\/\/konferencja2024.awfis.net\/#organization"},"potentialAction":[{"@type":"SearchAction","target":{"@type":"EntryPoint","urlTemplate":"https:\/\/konferencja2024.awfis.net\/?s={search_term_string}"},"query-input":{"@type":"PropertyValueSpecification","valueRequired":true,"valueName":"search_term_string"}}],"inLanguage":"pl-PL"},{"@type":"Organization","@id":"https:\/\/konferencja2024.awfis.net\/#organization","name":"Konferencja AWFiS","url":"https:\/\/konferencja2024.awfis.net\/","logo":{"@type":"ImageObject","inLanguage":"pl-PL","@id":"https:\/\/konferencja2024.awfis.net\/#\/schema\/logo\/image\/","url":"","contentUrl":"","caption":"Konferencja AWFiS"},"image":{"@id":"https:\/\/konferencja2024.awfis.net\/#\/schema\/logo\/image\/"}}]}},"_links":{"self":[{"href":"https:\/\/konferencja2024.awfis.net\/index.php?rest_route=\/wp\/v2\/pages\/16","targetHints":{"allow":["GET"]}}],"collection":[{"href":"https:\/\/konferencja2024.awfis.net\/index.php?rest_route=\/wp\/v2\/pages"}],"about":[{"href":"https:\/\/konferencja2024.awfis.net\/index.php?rest_route=\/wp\/v2\/types\/page"}],"author":[{"embeddable":true,"href":"https:\/\/konferencja2024.awfis.net\/index.php?rest_route=\/wp\/v2\/users\/1"}],"replies":[{"embeddable":true,"href":"https:\/\/konferencja2024.awfis.net\/index.php?rest_route=%2Fwp%2Fv2%2Fcomments&post=16"}],"version-history":[{"count":119,"href":"https:\/\/konferencja2024.awfis.net\/index.php?rest_route=\/wp\/v2\/pages\/16\/revisions"}],"predecessor-version":[{"id":708,"href":"https:\/\/konferencja2024.awfis.net\/index.php?rest_route=\/wp\/v2\/pages\/16\/revisions\/708"}],"wp:attachment":[{"href":"https:\/\/konferencja2024.awfis.net\/index.php?rest_route=%2Fwp%2Fv2%2Fmedia&parent=16"}],"curies":[{"name":"wp","href":"https:\/\/api.w.org\/{rel}","templated":true}]}}